{"id":6412,"date":"2024-09-03T14:30:37","date_gmt":"2024-09-03T12:30:37","guid":{"rendered":"https:\/\/promowolsch.de\/?page_id=6412"},"modified":"2024-09-03T21:43:51","modified_gmt":"2024-09-03T19:43:51","slug":"testhornet","status":"publish","type":"page","link":"https:\/\/promowolsch.de\/en\/testhornet\/","title":{"rendered":"Test hornet"},"content":{"rendered":"<p>[et_pb_section fb_built=&#8220;1&#8243; fullwidth=&#8220;on&#8220; _builder_version=&#8220;4.16&#8243; _module_preset=&#8220;default&#8220; background_enable_image=&#8220;off&#8220; global_colors_info=&#8220;{}&#8220;][et_pb_fullwidth_header title=&#8220;NEUHEIT: TESTHORNET&#8220; subhead=&#8220;DER SCHUHL\u00d6FFEL, DER LEBEN RETTET!&#8220; header_fullscreen=&#8220;on&#8220; button_one_text=&#8220;JETZT MEHR ERFAHREN&#8220; button_one_url=&#8220;#start&#8220; background_overlay_color=&#8220;rgba(0,0,0,0.2)&#8220; content_max_width=&#8220;65%&#8220; _builder_version=&#8220;4.25.0&#8243; _module_preset=&#8220;default&#8220; title_font=&#8220;Open Sans|700||on|||||&#8220; title_text_color=&#8220;#FFFFFF&#8220; title_font_size=&#8220;80px&#8220; content_font=&#8220;Open Sans||||||||&#8220; content_text_color=&#8220;#FFFFFF&#8220; content_font_size=&#8220;18px&#8220; subhead_font=&#8220;Open Sans||||||||&#8220; subhead_text_color=&#8220;#FFFFFF&#8220; subhead_font_size=&#8220;28px&#8220; subhead_line_height=&#8220;1.7em&#8220; background_enable_color=&#8220;off&#8220; background_image=&#8220;https:\/\/promowolsch.de\/wp-content\/uploads\/hg_news_hornet.jpg&#8220; background_position=&#8220;top_center&#8220; custom_button_one=&#8220;on&#8220; button_one_text_size=&#8220;24px&#8220; button_one_text_color=&#8220;#ffffff&#8220; button_one_bg_color=&#8220;#a3a3a3&#8243; button_one_border_width=&#8220;0px&#8220; button_one_border_radius=&#8220;0px&#8220; button_one_letter_spacing=&#8220;0px&#8220; button_one_font=&#8220;|700|||||||&#8220; custom_button_two=&#8220;on&#8220; button_two_text_size=&#8220;19px&#8220; button_two_text_color=&#8220;#ffffff&#8220; button_two_bg_color=&#8220;#a3a3a3&#8243; button_two_border_width=&#8220;0px&#8220; button_two_border_radius=&#8220;0px&#8220; button_two_font=&#8220;Open Sans Condensed|700|||||||&#8220; background_layout=&#8220;light&#8220; min_height=&#8220;800px&#8220; custom_padding=&#8220;||25px||false|false&#8220; link_option_url_new_window=&#8220;on&#8220; title_font_size_tablet=&#8220;60px&#8220; title_font_size_phone=&#8220;40px&#8220; title_font_size_last_edited=&#8220;on|desktop&#8220; subhead_font_size_tablet=&#8220;28px&#8220; subhead_font_size_phone=&#8220;20px&#8220; subhead_font_size_last_edited=&#8220;on|tablet&#8220; button_one_text_size_tablet=&#8220;20px&#8220; button_one_text_size_phone=&#8220;16px&#8220; button_one_text_size_last_edited=&#8220;on|phone&#8220; global_colors_info=&#8220;{}&#8220; button_one_bg_color__hover_enabled=&#8220;on|hover&#8220; button_one_bg_color__hover=&#8220;#e9ba29&#8243; button_one_bg_enable_color__hover=&#8220;on&#8220; button_two_bg_color__hover_enabled=&#8220;on|hover&#8220; button_two_bg_color__hover=&#8220;#e9ba29&#8243; button_two_bg_enable_color__hover=&#8220;on&#8220;][\/et_pb_fullwidth_header][\/et_pb_section][et_pb_section fb_built=&#8220;1&#8243; specialty=&#8220;on&#8220; module_id=&#8220;start&#8220; _builder_version=&#8220;4.25.0&#8243; _module_preset=&#8220;default&#8220; global_colors_info=&#8220;{}&#8220;][et_pb_column type=&#8220;1_2&#8243; _builder_version=&#8220;4.16&#8243; custom_padding=&#8220;|||&#8220; global_colors_info=&#8220;{}&#8220; custom_padding__hover=&#8220;|||&#8220;][et_pb_text _builder_version=&#8220;4.25.0&#8243; _module_preset=&#8220;default&#8220; text_font=&#8220;Open Sans||||||||&#8220; text_font_size=&#8220;16px&#8220; text_line_height=&#8220;1.8em&#8220; header_font=&#8220;Open Sans|700|||||||&#8220; header_line_height=&#8220;1.6em&#8220; custom_padding=&#8220;|50px|||false|false&#8220; hover_enabled=&#8220;0&#8243; header_font_size_tablet=&#8220;24px&#8220; header_font_size_phone=&#8220;24px&#8220; header_font_size_last_edited=&#8220;on|phone&#8220; global_colors_info=&#8220;{}&#8220; sticky_enabled=&#8220;0&#8243;]<\/p>\n<h1>DER WOHL STABILSTE UND L\u00c4NGSTE SCHUHANZIEHER DER WELT<\/h1>\n<p>Entdecken Sie ultimativen Komfort und Sicherheit in einem einzigartigen Produkt. Unser multifunktionaler Schuhl\u00f6ffel hilft Ihnen nicht nur, Ihre Schuhe m\u00fchelos anzuziehen, sondern erm\u00f6glicht es Ihnen auch, die meisten auf dem Markt befindlichen Rauchmelder einfach und sicher zu testen. Ideal f\u00fcr \u00e4ltere Menschen, Personen mit eingeschr\u00e4nkter Mobilit\u00e4t und alle, die Wert auf Sicherheit legen.<\/p>\n<p>&nbsp;<\/p>\n<ul>\n<li>Einfacher Gebrauch: Ergonomisches Design f\u00fcr bequemes Anziehen der Schuhe.<\/li>\n<li>Sicherheitsfunktion: Verl\u00e4ngerter Griff zum Testen von Rauchmeldern ohne Leiter.<\/li>\n<li>Hochwertige Materialien: Langlebig und stilvoll<\/li>\n<li>Individuell und auff\u00e4llig: Personalisierbar mit Logo oder Design per Druck<\/li>\n<\/ul>\n<p>[\/et_pb_text][\/et_pb_column][et_pb_column type=&#8220;1_2&#8243; specialty_columns=&#8220;2&#8243; _builder_version=&#8220;4.16&#8243; custom_padding=&#8220;|||&#8220; global_colors_info=&#8220;{}&#8220; custom_padding__hover=&#8220;|||&#8220;][et_pb_row_inner _builder_version=&#8220;4.25.0&#8243; _module_preset=&#8220;default&#8220; global_colors_info=&#8220;{}&#8220;][et_pb_column_inner saved_specialty_column_type=&#8220;1_2&#8243; _builder_version=&#8220;4.25.0&#8243; _module_preset=&#8220;default&#8220; global_colors_info=&#8220;{}&#8220;][et_pb_image src=&#8220;https:\/\/promowolsch.de\/wp-content\/uploads\/Produktbild_Testhornet01.png&#8220; title_text=&#8220;Produktbild_Testhornet01&#8243; show_in_lightbox=&#8220;on&#8220; _builder_version=&#8220;4.25.0&#8243; _module_preset=&#8220;default&#8220; global_colors_info=&#8220;{}&#8220;][\/et_pb_image][\/et_pb_column_inner][\/et_pb_row_inner][et_pb_row_inner column_structure=&#8220;1_2,1_2&#8243; _builder_version=&#8220;4.25.0&#8243; _module_preset=&#8220;default&#8220; global_colors_info=&#8220;{}&#8220;][et_pb_column_inner type=&#8220;1_2&#8243; saved_specialty_column_type=&#8220;1_2&#8243; _builder_version=&#8220;4.25.0&#8243; _module_preset=&#8220;default&#8220; global_colors_info=&#8220;{}&#8220;][et_pb_image src=&#8220;https:\/\/promowolsch.de\/wp-content\/uploads\/Produktbild_Testhornet03.png&#8220; title_text=&#8220;Produktbild_Testhornet03&#8243; show_in_lightbox=&#8220;on&#8220; _builder_version=&#8220;4.25.0&#8243; _module_preset=&#8220;default&#8220; global_colors_info=&#8220;{}&#8220;][\/et_pb_image][\/et_pb_column_inner][et_pb_column_inner type=&#8220;1_2&#8243; saved_specialty_column_type=&#8220;1_2&#8243; _builder_version=&#8220;4.25.0&#8243; _module_preset=&#8220;default&#8220; global_colors_info=&#8220;{}&#8220;][et_pb_image src=&#8220;https:\/\/promowolsch.de\/wp-content\/uploads\/Produktbild_Testhornet02.png&#8220; title_text=&#8220;Produktbild_Testhornet02&#8243; show_in_lightbox=&#8220;on&#8220; _builder_version=&#8220;4.25.0&#8243; _module_preset=&#8220;default&#8220; global_colors_info=&#8220;{}&#8220;][\/et_pb_image][\/et_pb_column_inner][\/et_pb_row_inner][\/et_pb_column][\/et_pb_section]<\/p>\n","protected":false},"excerpt":{"rendered":"<p>DER WOHL STABILSTE UND L\u00c4NGSTE SCHUHANZIEHER DER WELT Entdecken Sie ultimativen Komfort und Sicherheit in einem einzigartigen Produkt. Unser multifunktionaler Schuhl\u00f6ffel hilft Ihnen nicht nur, Ihre Schuhe m\u00fchelos anzuziehen, sondern erm\u00f6glicht es Ihnen auch, die meisten auf dem Markt befindlichen Rauchmelder einfach und sicher zu testen. Ideal f\u00fcr \u00e4ltere Menschen, Personen mit eingeschr\u00e4nkter Mobilit\u00e4t und [&hellip;]<\/p>\n","protected":false},"author":1,"featured_media":0,"parent":0,"menu_order":0,"comment_status":"closed","ping_status":"closed","template":"","meta":{"_et_pb_use_builder":"on","_et_pb_old_content":"","_et_gb_content_width":"","footnotes":""},"dipi_cpt_category":[],"class_list":["post-6412","page","type-page","status-publish","hentry"],"_links":{"self":[{"href":"https:\/\/promowolsch.de\/en\/wp-json\/wp\/v2\/pages\/6412","targetHints":{"allow":["GET"]}}],"collection":[{"href":"https:\/\/promowolsch.de\/en\/wp-json\/wp\/v2\/pages"}],"about":[{"href":"https:\/\/promowolsch.de\/en\/wp-json\/wp\/v2\/types\/page"}],"author":[{"embeddable":true,"href":"https:\/\/promowolsch.de\/en\/wp-json\/wp\/v2\/users\/1"}],"replies":[{"embeddable":true,"href":"https:\/\/promowolsch.de\/en\/wp-json\/wp\/v2\/comments?post=6412"}],"version-history":[{"count":10,"href":"https:\/\/promowolsch.de\/en\/wp-json\/wp\/v2\/pages\/6412\/revisions"}],"predecessor-version":[{"id":6486,"href":"https:\/\/promowolsch.de\/en\/wp-json\/wp\/v2\/pages\/6412\/revisions\/6486"}],"wp:attachment":[{"href":"https:\/\/promowolsch.de\/en\/wp-json\/wp\/v2\/media?parent=6412"}],"wp:term":[{"taxonomy":"dipi_cpt_category","embeddable":true,"href":"https:\/\/promowolsch.de\/en\/wp-json\/wp\/v2\/dipi_cpt_category?post=6412"}],"curies":[{"name":"what","href":"https:\/\/api.w.org\/{rel}","templated":true}]}}