{"id":16,"date":"2023-12-20T12:18:46","date_gmt":"2023-12-20T11:18:46","guid":{"rendered":"https:\/\/promowolsch.de\/?page_id=16"},"modified":"2024-09-03T21:49:31","modified_gmt":"2024-09-03T19:49:31","slug":"home","status":"publish","type":"page","link":"https:\/\/promowolsch.de\/fr\/","title":{"rendered":"Accueil"},"content":{"rendered":"<p>[et_pb_section fb_built=&#8220;1&#8243; fullwidth=&#8220;on&#8220; admin_label=&#8220;HEADER&#8220; _builder_version=&#8220;4.23.1&#8243; _module_preset=&#8220;default&#8220; background_enable_image=&#8220;off&#8220; global_colors_info=&#8220;{}&#8220;][et_pb_fullwidth_header title=&#8220;The Customer Factory.&#8220; header_fullscreen=&#8220;on&#8220; button_one_text=&#8220;Zu unseren Produkten&#8220; button_one_url=&#8220;#produkte&#8220; button_two_text=&#8220;Neuheit: Testhornet&#8220; button_two_url=&#8220;#neuheit&#8220; logo_image_url=&#8220;https:\/\/promowolsch.de\/wp-content\/uploads\/logo_promowolsch.png&#8220; _builder_version=&#8220;4.25.0&#8243; _module_preset=&#8220;default&#8220; title_font=&#8220;Open Sans||||||||&#8220; title_text_color=&#8220;#000000&#8243; subhead_text_color=&#8220;RGBA(0,0,0,0)&#8220; background_color=&#8220;RGBA(0,0,0,0)&#8220; use_background_color_gradient=&#8220;on&#8220; background_color_gradient_stops=&#8220;#ffffff 45%|#59bbe6 55%&#8220; background_color_gradient_start=&#8220;#ffffff&#8220; background_color_gradient_start_position=&#8220;45%&#8220; background_color_gradient_end=&#8220;#59bbe6&#8243; background_color_gradient_end_position=&#8220;55%&#8220; background_image=&#8220;https:\/\/promowolsch.de\/wp-content\/uploads\/Header_Promowolsch2023.jpg&#8220; background_size=&#8220;contain&#8220; custom_button_one=&#8220;on&#8220; button_one_bg_color=&#8220;RGBA(0,0,0,0)&#8220; button_one_border_width=&#8220;1px&#8220; button_one_border_radius=&#8220;0px&#8220; button_one_font=&#8220;|700||on|||||&#8220; custom_button_two=&#8220;on&#8220; button_two_border_width=&#8220;1px&#8220; button_two_border_radius=&#8220;1px&#8220; button_two_font=&#8220;|700||on|||||&#8220; background_last_edited=&#8220;off|desktop&#8220; global_colors_info=&#8220;{}&#8220; background__hover_enabled=&#8220;off|desktop&#8220; button_one_bg_color__hover_enabled=&#8220;on|desktop&#8220; button_one_bg_color__hover=&#8220;#e9ba29&#8243; button_one_bg_enable_color__hover=&#8220;on&#8220; button_two_bg_color__hover_enabled=&#8220;on|hover&#8220; button_two_bg_color__hover=&#8220;#e9ba29&#8243; button_two_bg_enable_color__hover=&#8220;on&#8220;]<\/p>\n<h2><img loading=\"lazy\" decoding=\"async\" class=\"alignnone wp-image-1722\" src=\"https:\/\/promowolsch.de\/wp-content\/uploads\/leer-300x300-1.png\" alt=\"\" width=\"250\" height=\"250\" \/><\/h2>\n<p>[\/et_pb_fullwidth_header][\/et_pb_section][et_pb_section fb_built=&#8220;1&#8243; fullwidth=&#8220;on&#8220; admin_label=&#8220;TRENNER&#8220; _builder_version=&#8220;4.25.0&#8243; _module_preset=&#8220;default&#8220; global_colors_info=&#8220;{}&#8220;][et_pb_fullwidth_image src=&#8220;https:\/\/promowolsch.de\/wp-content\/uploads\/trenner_rechts-2000.png&#8220; title_text=&#8220;trenner_rechts-2000&#8243; admin_label=&#8220;Trenner rechts&#8220; _builder_version=&#8220;4.16&#8243; _module_preset=&#8220;default&#8220; max_height=&#8220;100px&#8220; global_colors_info=&#8220;{}&#8220;][\/et_pb_fullwidth_image][\/et_pb_section][et_pb_section fb_built=&#8220;1&#8243; admin_label=&#8220;PRODUKTE&#8220; _builder_version=&#8220;4.25.0&#8243; _module_preset=&#8220;default&#8220; background_enable_image=&#8220;off&#8220; background_size=&#8220;contain&#8220; background_position=&#8220;center_right&#8220; global_colors_info=&#8220;{}&#8220;][et_pb_row _builder_version=&#8220;4.16&#8243; _module_preset=&#8220;default&#8220; global_colors_info=&#8220;{}&#8220;][et_pb_column type=&#8220;4_4&#8243; _builder_version=&#8220;4.16&#8243; _module_preset=&#8220;default&#8220; global_colors_info=&#8220;{}&#8220;][et_pb_text _builder_version=&#8220;4.23.1&#8243; _module_preset=&#8220;default&#8220; global_colors_info=&#8220;{}&#8220;][\/et_pb_text][\/et_pb_column][\/et_pb_row][et_pb_row module_id=&#8220;neuheit&#8220; module_class=&#8220;flex-row-wrapper&#8220; _builder_version=&#8220;4.25.0&#8243; _module_preset=&#8220;default&#8220; background_enable_image=&#8220;off&#8220; border_color_all=&#8220;#000000&#8243; global_colors_info=&#8220;{}&#8220;][et_pb_column type=&#8220;4_4&#8243; _builder_version=&#8220;4.25.0&#8243; _module_preset=&#8220;default&#8220; background_image=&#8220;https:\/\/promowolsch.de\/wp-content\/uploads\/BG-Hintegrund-News.jpg&#8220; custom_padding=&#8220;|0px|||false|false&#8220; border_width_all=&#8220;1px&#8220; border_color_all=&#8220;#ad8878&#8243; global_colors_info=&#8220;{}&#8220; custom_padding__hover_enabled=&#8220;off|desktop&#8220;][et_pb_blurb title=&#8220;NEUHEIT | TESTHORNET&#8220; image=&#8220;https:\/\/promowolsch.de\/wp-content\/uploads\/Icon-News-150&#215;150.png&#8220; admin_label=&#8220;NEUHEIT TESTHORNET&#8220; _builder_version=&#8220;4.25.0&#8243; _module_preset=&#8220;default&#8220; header_level=&#8220;h1&#8243; header_font=&#8220;|700|||||||&#8220; header_text_align=&#8220;center&#8220; header_text_color=&#8220;#FFFFFF&#8220; header_font_size=&#8220;36px&#8220; body_text_align=&#8220;center&#8220; body_text_color=&#8220;#FFFFFF&#8220; body_font_size=&#8220;18px&#8220; parallax=&#8220;on&#8220; custom_margin=&#8220;|0px||0px|false|false&#8220; custom_padding=&#8220;25px|25px|30px|25px|false|false&#8220; animation_style=&#8220;fade&#8220; animation_duration=&#8220;1500ms&#8220; animation_delay=&#8220;200ms&#8220; header_text_shadow_style=&#8220;preset3&#8243; header_text_shadow_color=&#8220;rgba(0,0,0,0.7)&#8220; body_text_shadow_style=&#8220;preset3&#8243; body_text_shadow_horizontal_length=&#8220;0.05em&#8220; body_text_shadow_vertical_length=&#8220;0.03em&#8220; body_text_shadow_blur_strength=&#8220;0.35em&#8220; body_text_shadow_color=&#8220;rgba(0,0,0,0.94)&#8220; global_colors_info=&#8220;{}&#8220;]<\/p>\n<p>Der Schuhl\u00f6ffel, der Leben rettet!<\/p>\n<p>[\/et_pb_blurb][et_pb_button button_url=&#8220;@ET-DC@eyJkeW5hbWljIjp0cnVlLCJjb250ZW50IjoicG9zdF9saW5rX3VybF9wYWdlIiwic2V0dGluZ3MiOnsicG9zdF9pZCI6IjY0MTIifX0=@&#8220; button_text=&#8220;mehr erfahren&#8220; button_alignment=&#8220;center&#8220; _builder_version=&#8220;4.25.0&#8243; _dynamic_attributes=&#8220;button_url&#8220; _module_preset=&#8220;default&#8220; custom_button=&#8220;on&#8220; button_text_color=&#8220;#ffffff&#8220; button_bg_color=&#8220;#59bbe6&#8243; button_border_width=&#8220;0px&#8220; button_border_radius=&#8220;0px&#8220; button_font=&#8220;|700|||||||&#8220; custom_padding=&#8220;||30px||false|false&#8220; global_colors_info=&#8220;{}&#8220; button_bg_color__hover_enabled=&#8220;on|hover&#8220; button_bg_color__hover=&#8220;#e9ba29&#8243; button_bg_enable_color__hover=&#8220;on&#8220;][\/et_pb_button][\/et_pb_column][\/et_pb_row][et_pb_row column_structure=&#8220;1_2,1_2&#8243; module_id=&#8220;produkte&#8220; module_class=&#8220;flex-row-wrapper&#8220; _builder_version=&#8220;4.25.0&#8243; _module_preset=&#8220;default&#8220; border_color_all=&#8220;#000000&#8243; global_colors_info=&#8220;{}&#8220;][et_pb_column type=&#8220;1_2&#8243; _builder_version=&#8220;4.16&#8243; _module_preset=&#8220;default&#8220; custom_padding=&#8220;|0px|||false|false&#8220; border_width_all=&#8220;1px&#8220; border_color_all=&#8220;#ad8878&#8243; global_colors_info=&#8220;{}&#8220; custom_padding__hover_enabled=&#8220;off|desktop&#8220;][et_pb_blurb title=&#8220;Sports &#038; Fun&#8220; image=&#8220;https:\/\/promowolsch.de\/wp-content\/uploads\/icon_freizeit.png&#8220; admin_label=&#8220;Sports &#038; Fun&#8220; _builder_version=&#8220;4.23.1&#8243; _module_preset=&#8220;default&#8220; header_level=&#8220;h1&#8243; header_font=&#8220;|700|||||||&#8220; header_text_align=&#8220;center&#8220; header_text_color=&#8220;#59bbe6&#8243; header_font_size=&#8220;36px&#8220; body_text_align=&#8220;center&#8220; body_text_color=&#8220;#6b6b6b&#8220; body_font_size=&#8220;18px&#8220; custom_margin=&#8220;|0px||0px|false|false&#8220; custom_padding=&#8220;25px|25px|30px|25px|false|false&#8220; animation_style=&#8220;fade&#8220; animation_duration=&#8220;1500ms&#8220; animation_delay=&#8220;200ms&#8220; hover_enabled=&#8220;0&#8243; global_colors_info=&#8220;{}&#8220; sticky_enabled=&#8220;0&#8243;]<\/p>\n<p>Alles f\u00fcr Freizeit, Sport und Spiel.<\/p>\n<p>[\/et_pb_blurb][et_pb_button button_url=&#8220;https:\/\/promowolsch.de\/produkt-kategorie\/sports-fun\/&#8220; button_text=&#8220;mehr erfahren&#8220; button_alignment=&#8220;center&#8220; _builder_version=&#8220;4.23.1&#8243; _module_preset=&#8220;default&#8220; custom_button=&#8220;on&#8220; button_text_color=&#8220;#ffffff&#8220; button_bg_color=&#8220;#59bbe6&#8243; button_border_width=&#8220;0px&#8220; button_border_radius=&#8220;0px&#8220; button_font=&#8220;|700|||||||&#8220; custom_padding=&#8220;||30px||false|false&#8220; global_colors_info=&#8220;{}&#8220; button_bg_color__hover_enabled=&#8220;on|hover&#8220; button_bg_color__hover=&#8220;#e9ba29&#8243; button_bg_enable_color__hover=&#8220;on&#8220;][\/et_pb_button][\/et_pb_column][et_pb_column type=&#8220;1_2&#8243; _builder_version=&#8220;4.16&#8243; _module_preset=&#8220;default&#8220; border_width_all=&#8220;1px&#8220; border_color_all=&#8220;#ad8878&#8243; global_colors_info=&#8220;{}&#8220;][et_pb_blurb title=&#8220;Home &#038; Living&#8220; image=&#8220;https:\/\/promowolsch.de\/wp-content\/uploads\/icon_home.png&#8220; admin_label=&#8220;Home &#038; Living&#8220; _builder_version=&#8220;4.23.1&#8243; _module_preset=&#8220;default&#8220; header_level=&#8220;h1&#8243; header_font=&#8220;|700|||||||&#8220; header_text_align=&#8220;center&#8220; header_text_color=&#8220;#59bbe6&#8243; header_font_size=&#8220;36px&#8220; body_text_align=&#8220;center&#8220; body_text_color=&#8220;#6b6b6b&#8220; body_font_size=&#8220;18px&#8220; custom_margin=&#8220;||||false|false&#8220; custom_padding=&#8220;25px|25px|30px|25px|false|false&#8220; animation_style=&#8220;fade&#8220; animation_duration=&#8220;1500ms&#8220; animation_delay=&#8220;400ms&#8220; global_colors_info=&#8220;{}&#8220;]<\/p>\n<p>Produkte f\u00fcr zu Hause und den t\u00e4glichen Gebrauch im Haushalt.<\/p>\n<p>[\/et_pb_blurb][et_pb_button button_url=&#8220;https:\/\/promowolsch.de\/produkt-kategorie\/home-living\/&#8220; button_text=&#8220;mehr erfahren&#8220; button_alignment=&#8220;center&#8220; _builder_version=&#8220;4.23.1&#8243; _module_preset=&#8220;default&#8220; custom_button=&#8220;on&#8220; button_text_color=&#8220;#ffffff&#8220; button_bg_color=&#8220;#59bbe6&#8243; button_border_width=&#8220;0px&#8220; button_border_radius=&#8220;0px&#8220; button_font=&#8220;|700|||||||&#8220; custom_padding=&#8220;||30px||false|false&#8220; global_colors_info=&#8220;{}&#8220; button_bg_color__hover_enabled=&#8220;on|hover&#8220; button_bg_color__hover=&#8220;#e9ba29&#8243; button_bg_enable_color__hover=&#8220;on&#8220;][\/et_pb_button][\/et_pb_column][\/et_pb_row][et_pb_row column_structure=&#8220;1_2,1_2&#8243; module_class=&#8220;flex-row-wrapper&#8220; _builder_version=&#8220;4.16&#8243; _module_preset=&#8220;default&#8220; border_color_all=&#8220;#000000&#8243; global_colors_info=&#8220;{}&#8220;][et_pb_column type=&#8220;1_2&#8243; _builder_version=&#8220;4.16&#8243; _module_preset=&#8220;default&#8220; custom_padding=&#8220;|0px|||false|false&#8220; border_width_all=&#8220;1px&#8220; border_color_all=&#8220;#ad8878&#8243; global_colors_info=&#8220;{}&#8220; custom_padding__hover_enabled=&#8220;off|desktop&#8220;][et_pb_blurb title=&#8220;Work &#038; Office&#8220; image=&#8220;https:\/\/promowolsch.de\/wp-content\/uploads\/icon_office.png&#8220; admin_label=&#8220;Work &#038; Office&#8220; _builder_version=&#8220;4.23.1&#8243; _module_preset=&#8220;default&#8220; header_level=&#8220;h1&#8243; header_font=&#8220;|700|||||||&#8220; header_text_align=&#8220;center&#8220; header_text_color=&#8220;#59bbe6&#8243; header_font_size=&#8220;36px&#8220; body_text_align=&#8220;center&#8220; body_text_color=&#8220;#6b6b6b&#8220; body_font_size=&#8220;18px&#8220; custom_margin=&#8220;||||false|false&#8220; custom_padding=&#8220;25px|25px|30px|25px|false|false&#8220; animation_style=&#8220;fade&#8220; animation_duration=&#8220;1500ms&#8220; animation_delay=&#8220;600ms&#8220; global_colors_info=&#8220;{}&#8220;]<\/p>\n<p>Alles , was den Arbeitsalltag einfacher macht.<\/p>\n<p>[\/et_pb_blurb][et_pb_button button_url=&#8220;https:\/\/promowolsch.de\/produkt-kategorie\/work-office\/&#8220; button_text=&#8220;mehr erfahren&#8220; button_alignment=&#8220;center&#8220; _builder_version=&#8220;4.23.1&#8243; _module_preset=&#8220;default&#8220; custom_button=&#8220;on&#8220; button_text_color=&#8220;#ffffff&#8220; button_bg_color=&#8220;#59bbe6&#8243; button_border_width=&#8220;0px&#8220; button_border_radius=&#8220;0px&#8220; button_font=&#8220;|700|||||||&#8220; custom_padding=&#8220;||30px||false|false&#8220; global_colors_info=&#8220;{}&#8220; button_bg_color__hover_enabled=&#8220;on|hover&#8220; button_bg_color__hover=&#8220;#e9ba29&#8243; button_bg_enable_color__hover=&#8220;on&#8220;][\/et_pb_button][\/et_pb_column][et_pb_column type=&#8220;1_2&#8243; _builder_version=&#8220;4.16&#8243; _module_preset=&#8220;default&#8220; border_width_all=&#8220;1px&#8220; border_color_all=&#8220;#ad8878&#8243; global_colors_info=&#8220;{}&#8220;][et_pb_blurb title=&#8220;Car &#038; Travel&#8220; image=&#8220;https:\/\/promowolsch.de\/wp-content\/uploads\/icon_auto.png&#8220; admin_label=&#8220;Car &#038; Travel&#8220; _builder_version=&#8220;4.23.1&#8243; _module_preset=&#8220;default&#8220; header_level=&#8220;h1&#8243; header_font=&#8220;|700|||||||&#8220; header_text_align=&#8220;center&#8220; header_text_color=&#8220;#59bbe6&#8243; header_font_size=&#8220;36px&#8220; body_text_align=&#8220;center&#8220; body_text_color=&#8220;#6b6b6b&#8220; body_font_size=&#8220;18px&#8220; custom_margin=&#8220;||||false|false&#8220; custom_padding=&#8220;25px|25px|30px|25px|false|false&#8220; animation_style=&#8220;fade&#8220; animation_duration=&#8220;1500ms&#8220; animation_delay=&#8220;800ms&#8220; global_colors_info=&#8220;{}&#8220;]<\/p>\n<p>Alles, was Reisen angenehmer macht und unterwegs n\u00fctzlich ist.<\/p>\n<p>[\/et_pb_blurb][et_pb_button button_url=&#8220;https:\/\/promowolsch.de\/produkt-kategorie\/car-travel\/&#8220; button_text=&#8220;mehr erfahren&#8220; button_alignment=&#8220;center&#8220; _builder_version=&#8220;4.23.1&#8243; _module_preset=&#8220;default&#8220; custom_button=&#8220;on&#8220; button_text_color=&#8220;#ffffff&#8220; button_bg_color=&#8220;#59bbe6&#8243; button_border_width=&#8220;0px&#8220; button_border_radius=&#8220;0px&#8220; button_font=&#8220;|700|||||||&#8220; custom_padding=&#8220;||30px||false|false&#8220; global_colors_info=&#8220;{}&#8220; button_bg_color__hover_enabled=&#8220;on|hover&#8220; button_bg_color__hover=&#8220;#e9ba29&#8243; button_bg_enable_color__hover=&#8220;on&#8220;][\/et_pb_button][\/et_pb_column][\/et_pb_row][et_pb_row _builder_version=&#8220;4.16&#8243; _module_preset=&#8220;default&#8220; global_colors_info=&#8220;{}&#8220;][et_pb_column type=&#8220;4_4&#8243; _builder_version=&#8220;4.16&#8243; _module_preset=&#8220;default&#8220; global_colors_info=&#8220;{}&#8220;][et_pb_search exclude_pages=&#8220;off&#8220; button_color=&#8220;#937365&#8243; _builder_version=&#8220;4.16&#8243; _module_preset=&#8220;default&#8220; button_text_color=&#8220;#FFFFFF&#8220; button_font_size=&#8220;22px&#8220; form_field_font_size=&#8220;24px&#8220; animation_style=&#8220;fade&#8220; global_colors_info=&#8220;{}&#8220;][\/et_pb_search][\/et_pb_column][\/et_pb_row][et_pb_row _builder_version=&#8220;4.16&#8243; _module_preset=&#8220;default&#8220; global_colors_info=&#8220;{}&#8220;][et_pb_column type=&#8220;4_4&#8243; _builder_version=&#8220;4.16&#8243; _module_preset=&#8220;default&#8220; global_colors_info=&#8220;{}&#8220;][et_pb_text _builder_version=&#8220;4.16&#8243; _module_preset=&#8220;default&#8220; global_colors_info=&#8220;{}&#8220;]<\/p>\n<p>&nbsp;<\/p>\n<p>&nbsp;<\/p>\n<p>[\/et_pb_text][\/et_pb_column][\/et_pb_row][\/et_pb_section][et_pb_section fb_built=&#8220;1&#8243; fullwidth=&#8220;on&#8220; admin_label=&#8220;TRENNER #wir&#8220; module_id=&#8220;wir&#8220; _builder_version=&#8220;4.23.1&#8243; _module_preset=&#8220;default&#8220; global_colors_info=&#8220;{}&#8220;][et_pb_fullwidth_image src=&#8220;https:\/\/promowolsch.de\/wp-content\/uploads\/trenner_links-2000.png&#8220; title_text=&#8220;trenner_links-2000&#8243; admin_label=&#8220;Trenner rechts&#8220; _builder_version=&#8220;4.16&#8243; _module_preset=&#8220;default&#8220; max_height=&#8220;100px&#8220; global_colors_info=&#8220;{}&#8220;][\/et_pb_fullwidth_image][\/et_pb_section][et_pb_section fb_built=&#8220;1&#8243; admin_label=&#8220;Sektion: Unternehmen&#8220; _builder_version=&#8220;4.23.1&#8243; _module_preset=&#8220;default&#8220; background_enable_color=&#8220;off&#8220; background_image=&#8220;https:\/\/promowolsch.de\/wp-content\/uploads\/hg_kst.jpg&#8220; background_position=&#8220;top_center&#8220; global_colors_info=&#8220;{}&#8220;][et_pb_row _builder_version=&#8220;4.23.1&#8243; _module_preset=&#8220;default&#8220; global_colors_info=&#8220;{}&#8220;][et_pb_column type=&#8220;4_4&#8243; _builder_version=&#8220;4.16&#8243; _module_preset=&#8220;default&#8220; global_colors_info=&#8220;{}&#8220;][et_pb_text _builder_version=&#8220;4.23.1&#8243; _module_preset=&#8220;default&#8220; header_font=&#8220;Open Sans|600|||||||&#8220; header_text_color=&#8220;#ffffff&#8220; header_font_size=&#8220;45px&#8220; header_line_height=&#8220;1.5em&#8220; header_2_font=&#8220;Open Sans|300|||||||&#8220; header_2_text_color=&#8220;#ffffff&#8220; header_2_font_size=&#8220;24px&#8220; header_2_line_height=&#8220;1.3em&#8220; global_colors_info=&#8220;{}&#8220;]<\/p>\n<h2>Unsere Kernkompetenzen<\/h2>\n<h1>\u00dcber Promowolsch<\/h1>\n<h2>\u00a0<\/h2>\n<p>[\/et_pb_text][\/et_pb_column][\/et_pb_row][et_pb_row _builder_version=&#8220;4.16&#8243; _module_preset=&#8220;default&#8220; global_colors_info=&#8220;{}&#8220;][et_pb_column type=&#8220;4_4&#8243; _builder_version=&#8220;4.16&#8243; _module_preset=&#8220;default&#8220; global_colors_info=&#8220;{}&#8220;][et_pb_text _builder_version=&#8220;4.16&#8243; _module_preset=&#8220;default&#8220; text_font=&#8220;|600|||||||&#8220; text_text_color=&#8220;#ffffff&#8220; text_font_size=&#8220;20px&#8220; text_letter_spacing=&#8220;1px&#8220; text_line_height=&#8220;1.9em&#8220; header_font=&#8220;Open Sans|600|||||||&#8220; header_text_color=&#8220;#ffffff&#8220; header_font_size=&#8220;45px&#8220; header_2_font=&#8220;Open Sans|300|||||||&#8220; header_2_text_color=&#8220;#ffffff&#8220; header_2_font_size=&#8220;28px&#8220; text_font_size_tablet=&#8220;&#8220; text_font_size_phone=&#8220;16px&#8220; text_font_size_last_edited=&#8220;on|phone&#8220; global_colors_info=&#8220;{}&#8220;]<\/p>\n<p>PROMOWOLSCH The customer factory wurde 1997 von Wolfgang Schmidt gegr\u00fcndet.<\/p>\n<p>Von Beginn an hat sich PROMOWOLSCH auf die Herstellung von qualitativ wertvollen Kunststoff-Erzeugnissen f\u00fcr den Werbe- und Verkaufsf\u00f6rderungssektor spezialisiert. \u201eMade in Germany\u201c-Produktion war dabei von Anfang an die Triebfeder.<\/p>\n<p>Die Herstellung in der Europ\u00e4ischen Gemeinschaft, haupts\u00e4chlich Deutschland, bedeutet eine Menge an Kostenersparnis (qualifizierte Mitarbeiter, Partner, Qualit\u00e4t des Grundstoffs, Logistik, Sprache, Zahlung etc.) gegen\u00fcber Asien-Produktionen.<\/p>\n<p>PROMOWOLSCH vertreibt seine Produkte ausschlie\u00dflich \u00fcber den qualifizierten Werbeartikel-Berater in allen europ\u00e4ischen L\u00e4ndern. Endanwender werden nicht bedient, bzw. solche Anfragen werden an den Handel weitergegeben. Im Jahr 2021 wurde die Einzelfirma in die Promowolsch GmbH &amp; Co. KG umfirmiert.<\/p>\n<p>Der Inhaber. Wolfgang Schmidt, hat jahrzehntelange Erfahrung in diesem speziellen Markt.<\/p>\n<p>Er ist in Brachenverb\u00e4nden aktiv t\u00e4tig, ber\u00e4t auch Markteinsteiger \u00fcber Marktpotentiale und \u2013 Gegebenheiten und steht f\u00fcr kleinere Seminaranwendungen (z.B. auf Hausmessen) gern zur Verf\u00fcgung. Seit 01.01.2023 ist Sohn Herr Uwe-Karsten Brand-Schmidt Mitgesch\u00e4ftsf\u00fchrer und Gesellschafter.<\/p>\n<p>Die Produktreihe umfasst den Streuartikel-Sektor wie Wurfscheiben, Eiskratzer, Flaschen\u00f6ffner, Fliegenklatschen, Anspitzer, Zettelboxen, Zahlteller, Eimer, Schuhanzieher, Cups, Schl\u00fcsselanh\u00e4nger, Parkscheiben u.v.a.m.<\/p>\n<p>Nach einer \u00dcbernahme des SELTER-Werbeartikel-Programms vor einigen Jahren, wurde zum 01.01.2023 das BWS-Foamworld-Programm \u00fcbernommen und in das Produktportfolio eingegliedert.<\/p>\n<p><b>Wir freuen uns auf Sie!<\/b><\/p>\n<p>&nbsp;<\/p>\n<p>[\/et_pb_text][\/et_pb_column][\/et_pb_row][\/et_pb_section]<\/p>\n","protected":false},"excerpt":{"rendered":"<p>Der Schuhl\u00f6ffel, der Leben rettet!Alles f\u00fcr Freizeit, Sport und Spiel.Produkte f\u00fcr zu Hause und den t\u00e4glichen Gebrauch im Haushalt.Alles , was den Arbeitsalltag einfacher macht.Alles, was Reisen angenehmer macht und unterwegs n\u00fctzlich ist.&nbsp; &nbsp;Unsere Kernkompetenzen \u00dcber Promowolsch \u00a0PROMOWOLSCH The customer factory wurde 1997 von Wolfgang Schmidt gegr\u00fcndet. Von Beginn an hat sich PROMOWOLSCH auf die [&hellip;]<\/p>\n","protected":false},"author":1,"featured_media":0,"parent":0,"menu_order":1,"comment_status":"closed","ping_status":"closed","template":"","meta":{"_et_pb_use_builder":"on","_et_pb_old_content":"","_et_gb_content_width":"","footnotes":""},"dipi_cpt_category":[],"class_list":["post-16","page","type-page","status-publish","hentry"],"_links":{"self":[{"href":"https:\/\/promowolsch.de\/fr\/wp-json\/wp\/v2\/pages\/16","targetHints":{"allow":["GET"]}}],"collection":[{"href":"https:\/\/promowolsch.de\/fr\/wp-json\/wp\/v2\/pages"}],"about":[{"href":"https:\/\/promowolsch.de\/fr\/wp-json\/wp\/v2\/types\/page"}],"author":[{"embeddable":true,"href":"https:\/\/promowolsch.de\/fr\/wp-json\/wp\/v2\/users\/1"}],"replies":[{"embeddable":true,"href":"https:\/\/promowolsch.de\/fr\/wp-json\/wp\/v2\/comments?post=16"}],"version-history":[{"count":10,"href":"https:\/\/promowolsch.de\/fr\/wp-json\/wp\/v2\/pages\/16\/revisions"}],"predecessor-version":[{"id":6497,"href":"https:\/\/promowolsch.de\/fr\/wp-json\/wp\/v2\/pages\/16\/revisions\/6497"}],"wp:attachment":[{"href":"https:\/\/promowolsch.de\/fr\/wp-json\/wp\/v2\/media?parent=16"}],"wp:term":[{"taxonomy":"dipi_cpt_category","embeddable":true,"href":"https:\/\/promowolsch.de\/fr\/wp-json\/wp\/v2\/dipi_cpt_category?post=16"}],"curies":[{"name":"wp","href":"https:\/\/api.w.org\/{rel}","templated":true}]}}