{"id":7740,"date":"2026-02-23T23:31:21","date_gmt":"2026-02-23T22:31:21","guid":{"rendered":"https:\/\/promowolsch.de\/?post_type=product&#038;p=7740"},"modified":"2026-02-23T23:31:46","modified_gmt":"2026-02-23T22:31:46","slug":"boite-a-fiches-design","status":"publish","type":"product","link":"https:\/\/promowolsch.de\/fr\/produkt\/zettelbox-design\/","title":{"rendered":"Bo\u00eete \u00e0 fiches Design"},"content":{"rendered":"<p>Bo\u00eete \u00e0 fiches, papier inclus (blanc) <\/p>","protected":false},"excerpt":{"rendered":"<p>Bo\u00eete \u00e0 fiches, papier inclus (blanc)<\/p>","protected":false},"featured_media":6791,"template":"","meta":{"_et_pb_use_builder":"","_et_pb_old_content":"","_et_gb_content_width":""},"product_brand":[],"product_cat":[18],"product_tag":[],"class_list":{"0":"post-7740","1":"product","2":"type-product","3":"status-publish","4":"has-post-thumbnail","6":"product_cat-work-office","8":"first","9":"instock","10":"shipping-taxable","11":"product-type-variable"},"_links":{"self":[{"href":"https:\/\/promowolsch.de\/fr\/wp-json\/wp\/v2\/product\/7740","targetHints":{"allow":["GET"]}}],"collection":[{"href":"https:\/\/promowolsch.de\/fr\/wp-json\/wp\/v2\/product"}],"about":[{"href":"https:\/\/promowolsch.de\/fr\/wp-json\/wp\/v2\/types\/product"}],"wp:featuredmedia":[{"embeddable":true,"href":"https:\/\/promowolsch.de\/fr\/wp-json\/wp\/v2\/media\/6791"}],"wp:attachment":[{"href":"https:\/\/promowolsch.de\/fr\/wp-json\/wp\/v2\/media?parent=7740"}],"wp:term":[{"taxonomy":"product_brand","embeddable":true,"href":"https:\/\/promowolsch.de\/fr\/wp-json\/wp\/v2\/product_brand?post=7740"},{"taxonomy":"product_cat","embeddable":true,"href":"https:\/\/promowolsch.de\/fr\/wp-json\/wp\/v2\/product_cat?post=7740"},{"taxonomy":"product_tag","embeddable":true,"href":"https:\/\/promowolsch.de\/fr\/wp-json\/wp\/v2\/product_tag?post=7740"}],"curies":[{"name":"wp","href":"https:\/\/api.w.org\/{rel}","templated":true}]}}