{"id":7745,"date":"2026-02-23T23:31:23","date_gmt":"2026-02-23T22:31:23","guid":{"rendered":"https:\/\/promowolsch.de\/produkt\/zettelbox-doppelwandig\/"},"modified":"2026-02-23T23:31:26","modified_gmt":"2026-02-23T22:31:26","slug":"boite-a-fiches-a-double-paroi","status":"publish","type":"product","link":"https:\/\/promowolsch.de\/fr\/produkt\/zettelbox-doppelwandig\/","title":{"rendered":"Bo\u00eete \u00e0 fiches double paroi"},"content":{"rendered":"<p>Bo\u00eete \u00e0 fiches (banderole imprim\u00e9e ins\u00e9r\u00e9e), papier inclus<\/p>","protected":false},"excerpt":{"rendered":"<p>Bo\u00eete \u00e0 fiches (banderole imprim\u00e9e ins\u00e9r\u00e9e), papier inclus<\/p>","protected":false},"featured_media":6790,"template":"","meta":{"_et_pb_use_builder":"","_et_pb_old_content":"","_et_gb_content_width":""},"product_brand":[],"product_cat":[18],"product_tag":[],"class_list":{"0":"post-7745","1":"product","2":"type-product","3":"status-publish","4":"has-post-thumbnail","6":"product_cat-work-office","8":"first","9":"instock","10":"shipping-taxable","11":"product-type-simple"},"_links":{"self":[{"href":"https:\/\/promowolsch.de\/fr\/wp-json\/wp\/v2\/product\/7745","targetHints":{"allow":["GET"]}}],"collection":[{"href":"https:\/\/promowolsch.de\/fr\/wp-json\/wp\/v2\/product"}],"about":[{"href":"https:\/\/promowolsch.de\/fr\/wp-json\/wp\/v2\/types\/product"}],"wp:featuredmedia":[{"embeddable":true,"href":"https:\/\/promowolsch.de\/fr\/wp-json\/wp\/v2\/media\/6790"}],"wp:attachment":[{"href":"https:\/\/promowolsch.de\/fr\/wp-json\/wp\/v2\/media?parent=7745"}],"wp:term":[{"taxonomy":"product_brand","embeddable":true,"href":"https:\/\/promowolsch.de\/fr\/wp-json\/wp\/v2\/product_brand?post=7745"},{"taxonomy":"product_cat","embeddable":true,"href":"https:\/\/promowolsch.de\/fr\/wp-json\/wp\/v2\/product_cat?post=7745"},{"taxonomy":"product_tag","embeddable":true,"href":"https:\/\/promowolsch.de\/fr\/wp-json\/wp\/v2\/product_tag?post=7745"}],"curies":[{"name":"wp","href":"https:\/\/api.w.org\/{rel}","templated":true}]}}