{"id":7803,"date":"2026-02-23T23:33:40","date_gmt":"2026-02-23T22:33:40","guid":{"rendered":"https:\/\/promowolsch.de\/?post_type=product&#038;p=7803"},"modified":"2026-02-23T23:34:48","modified_gmt":"2026-02-23T22:34:48","slug":"tapette-a-mouches-plat","status":"publish","type":"product","link":"https:\/\/promowolsch.de\/fr\/produkt\/fliegenklatsche-flaeche\/","title":{"rendered":"Tapette \u00e0 mouches surface"},"content":{"rendered":"<p>Tapette \u00e0 mouches avec surface \u00e0 imprimer sur la tapette, \u00e9tat de livraison standard : tapette et manche s\u00e9par\u00e9s<\/p>","protected":false},"excerpt":{"rendered":"<p>Tapette \u00e0 mouches avec surface \u00e0 imprimer sur la tapette, \u00e9tat de livraison standard : tapette et manche s\u00e9par\u00e9s<\/p>","protected":false},"featured_media":7835,"template":"","meta":{"_et_pb_use_builder":"","_et_pb_old_content":"","_et_gb_content_width":""},"product_brand":[],"product_cat":[20],"product_tag":[],"class_list":{"0":"post-7803","1":"product","2":"type-product","3":"status-publish","4":"has-post-thumbnail","6":"product_cat-home-living","8":"first","9":"instock","10":"shipping-taxable","11":"product-type-variable"},"_links":{"self":[{"href":"https:\/\/promowolsch.de\/fr\/wp-json\/wp\/v2\/product\/7803","targetHints":{"allow":["GET"]}}],"collection":[{"href":"https:\/\/promowolsch.de\/fr\/wp-json\/wp\/v2\/product"}],"about":[{"href":"https:\/\/promowolsch.de\/fr\/wp-json\/wp\/v2\/types\/product"}],"wp:featuredmedia":[{"embeddable":true,"href":"https:\/\/promowolsch.de\/fr\/wp-json\/wp\/v2\/media\/7835"}],"wp:attachment":[{"href":"https:\/\/promowolsch.de\/fr\/wp-json\/wp\/v2\/media?parent=7803"}],"wp:term":[{"taxonomy":"product_brand","embeddable":true,"href":"https:\/\/promowolsch.de\/fr\/wp-json\/wp\/v2\/product_brand?post=7803"},{"taxonomy":"product_cat","embeddable":true,"href":"https:\/\/promowolsch.de\/fr\/wp-json\/wp\/v2\/product_cat?post=7803"},{"taxonomy":"product_tag","embeddable":true,"href":"https:\/\/promowolsch.de\/fr\/wp-json\/wp\/v2\/product_tag?post=7803"}],"curies":[{"name":"wp","href":"https:\/\/api.w.org\/{rel}","templated":true}]}}