{"id":7831,"date":"2026-02-23T23:34:28","date_gmt":"2026-02-23T22:34:28","guid":{"rendered":"https:\/\/promowolsch.de\/?post_type=product&#038;p=7831"},"modified":"2026-02-23T23:35:53","modified_gmt":"2026-02-23T22:35:53","slug":"tapette-a-mouche-medicale","status":"publish","type":"product","link":"https:\/\/promowolsch.de\/fr\/produkt\/fliegenklatsche-medizin\/","title":{"rendered":"Tapette \u00e0 mouches m\u00e9decine"},"content":{"rendered":"<p>Tapette \u00e0 mouches avec patte en forme de pilule<\/p>","protected":false},"excerpt":{"rendered":"<p>Tapette \u00e0 mouches avec patte en forme de pilule<\/p>","protected":false},"featured_media":6895,"template":"","meta":{"_et_pb_use_builder":"","_et_pb_old_content":"","_et_gb_content_width":""},"product_brand":[],"product_cat":[20],"product_tag":[],"class_list":{"0":"post-7831","1":"product","2":"type-product","3":"status-publish","4":"has-post-thumbnail","6":"product_cat-home-living","8":"first","9":"instock","10":"shipping-taxable","11":"product-type-variable"},"_links":{"self":[{"href":"https:\/\/promowolsch.de\/fr\/wp-json\/wp\/v2\/product\/7831","targetHints":{"allow":["GET"]}}],"collection":[{"href":"https:\/\/promowolsch.de\/fr\/wp-json\/wp\/v2\/product"}],"about":[{"href":"https:\/\/promowolsch.de\/fr\/wp-json\/wp\/v2\/types\/product"}],"wp:featuredmedia":[{"embeddable":true,"href":"https:\/\/promowolsch.de\/fr\/wp-json\/wp\/v2\/media\/6895"}],"wp:attachment":[{"href":"https:\/\/promowolsch.de\/fr\/wp-json\/wp\/v2\/media?parent=7831"}],"wp:term":[{"taxonomy":"product_brand","embeddable":true,"href":"https:\/\/promowolsch.de\/fr\/wp-json\/wp\/v2\/product_brand?post=7831"},{"taxonomy":"product_cat","embeddable":true,"href":"https:\/\/promowolsch.de\/fr\/wp-json\/wp\/v2\/product_cat?post=7831"},{"taxonomy":"product_tag","embeddable":true,"href":"https:\/\/promowolsch.de\/fr\/wp-json\/wp\/v2\/product_tag?post=7831"}],"curies":[{"name":"wp","href":"https:\/\/api.w.org\/{rel}","templated":true}]}}