{"id":7882,"date":"2026-02-23T23:36:01","date_gmt":"2026-02-23T22:36:01","guid":{"rendered":"https:\/\/promowolsch.de\/produkt\/party-clip-marbella\/"},"modified":"2026-02-23T23:36:03","modified_gmt":"2026-02-23T22:36:03","slug":"clip-de-fete-marbella","status":"publish","type":"product","link":"https:\/\/promowolsch.de\/fr\/produkt\/party-clip-marbella\/","title":{"rendered":"Clip de f\u00eate Marbella"},"content":{"rendered":"<p>Party-Clip &#8211; an den Teller geclipt h\u00e4lt es Wein- &#038; Sektgl\u00e4ser<\/p>","protected":false},"excerpt":{"rendered":"<p>Party-Clip &#8211; an den Teller geclipt h\u00e4lt es Wein- &#038; Sektgl\u00e4ser<\/p>","protected":false},"featured_media":6920,"template":"","meta":{"_et_pb_use_builder":"","_et_pb_old_content":"","_et_gb_content_width":""},"product_brand":[],"product_cat":[20],"product_tag":[],"class_list":{"0":"post-7882","1":"product","2":"type-product","3":"status-publish","4":"has-post-thumbnail","6":"product_cat-home-living","8":"first","9":"instock","10":"shipping-taxable","11":"product-type-simple"},"_links":{"self":[{"href":"https:\/\/promowolsch.de\/fr\/wp-json\/wp\/v2\/product\/7882","targetHints":{"allow":["GET"]}}],"collection":[{"href":"https:\/\/promowolsch.de\/fr\/wp-json\/wp\/v2\/product"}],"about":[{"href":"https:\/\/promowolsch.de\/fr\/wp-json\/wp\/v2\/types\/product"}],"wp:featuredmedia":[{"embeddable":true,"href":"https:\/\/promowolsch.de\/fr\/wp-json\/wp\/v2\/media\/6920"}],"wp:attachment":[{"href":"https:\/\/promowolsch.de\/fr\/wp-json\/wp\/v2\/media?parent=7882"}],"wp:term":[{"taxonomy":"product_brand","embeddable":true,"href":"https:\/\/promowolsch.de\/fr\/wp-json\/wp\/v2\/product_brand?post=7882"},{"taxonomy":"product_cat","embeddable":true,"href":"https:\/\/promowolsch.de\/fr\/wp-json\/wp\/v2\/product_cat?post=7882"},{"taxonomy":"product_tag","embeddable":true,"href":"https:\/\/promowolsch.de\/fr\/wp-json\/wp\/v2\/product_tag?post=7882"}],"curies":[{"name":"wp","href":"https:\/\/api.w.org\/{rel}","templated":true}]}}