{"id":7938,"date":"2026-02-23T23:36:28","date_gmt":"2026-02-23T22:36:28","guid":{"rendered":"https:\/\/promowolsch.de\/?post_type=product&#038;p=7938"},"modified":"2026-02-23T23:36:44","modified_gmt":"2026-02-23T22:36:44","slug":"support-de-telephone-portable-bow-m","status":"publish","type":"product","link":"https:\/\/promowolsch.de\/fr\/produkt\/handyhalter-bow-m\/","title":{"rendered":"Porte-t\u00e9l\u00e9phone Bow M"},"content":{"rendered":"<p>Support pour smartphone con\u00e7u pour les appareils fins. Possibilit\u00e9 de couvrir la cam\u00e9ra frontale. Utilisable en outre comme support de casque pour les \u00e9crans et autres<\/p>","protected":false},"excerpt":{"rendered":"<p>Support pour smartphone con\u00e7u pour les appareils fins. Possibilit\u00e9 de couvrir la cam\u00e9ra frontale. Utilisable en outre comme support de casque pour les \u00e9crans et autres<\/p>","protected":false},"featured_media":6944,"template":"","meta":{"_et_pb_use_builder":"","_et_pb_old_content":"","_et_gb_content_width":""},"product_brand":[],"product_cat":[20],"product_tag":[],"class_list":{"0":"post-7938","1":"product","2":"type-product","3":"status-publish","4":"has-post-thumbnail","6":"product_cat-home-living","8":"first","9":"instock","10":"shipping-taxable","11":"product-type-variable"},"_links":{"self":[{"href":"https:\/\/promowolsch.de\/fr\/wp-json\/wp\/v2\/product\/7938","targetHints":{"allow":["GET"]}}],"collection":[{"href":"https:\/\/promowolsch.de\/fr\/wp-json\/wp\/v2\/product"}],"about":[{"href":"https:\/\/promowolsch.de\/fr\/wp-json\/wp\/v2\/types\/product"}],"wp:featuredmedia":[{"embeddable":true,"href":"https:\/\/promowolsch.de\/fr\/wp-json\/wp\/v2\/media\/6944"}],"wp:attachment":[{"href":"https:\/\/promowolsch.de\/fr\/wp-json\/wp\/v2\/media?parent=7938"}],"wp:term":[{"taxonomy":"product_brand","embeddable":true,"href":"https:\/\/promowolsch.de\/fr\/wp-json\/wp\/v2\/product_brand?post=7938"},{"taxonomy":"product_cat","embeddable":true,"href":"https:\/\/promowolsch.de\/fr\/wp-json\/wp\/v2\/product_cat?post=7938"},{"taxonomy":"product_tag","embeddable":true,"href":"https:\/\/promowolsch.de\/fr\/wp-json\/wp\/v2\/product_tag?post=7938"}],"curies":[{"name":"wp","href":"https:\/\/api.w.org\/{rel}","templated":true}]}}