{"id":7971,"date":"2026-02-23T23:36:46","date_gmt":"2026-02-23T22:36:46","guid":{"rendered":"https:\/\/promowolsch.de\/?post_type=product&#038;p=7971"},"modified":"2026-02-23T23:38:21","modified_gmt":"2026-02-23T22:38:21","slug":"consigne-marque-de-valeur-switzerland","status":"publish","type":"product","link":"https:\/\/promowolsch.de\/fr\/produkt\/pfand-wertmarke-switzerland\/","title":{"rendered":"Marque de consigne\/de valeur Switzerland"},"content":{"rendered":"<p>Pfand-\/Wertmarke; Gr\u00f6\u00dfe: 1,- CHF &#8211; ab 5000 St\u00fcck weitere Farben nach RAL m\u00f6glich<\/p>","protected":false},"excerpt":{"rendered":"<p>Pfand-\/Wertmarke; Gr\u00f6\u00dfe: 1,- CHF &#8211; ab 5000 St\u00fcck weitere Farben nach RAL m\u00f6glich<\/p>","protected":false},"featured_media":6989,"template":"","meta":{"_et_pb_use_builder":"","_et_pb_old_content":"","_et_gb_content_width":""},"product_brand":[],"product_cat":[20],"product_tag":[],"class_list":{"0":"post-7971","1":"product","2":"type-product","3":"status-publish","4":"has-post-thumbnail","6":"product_cat-home-living","8":"first","9":"instock","10":"shipping-taxable","11":"product-type-variable"},"_links":{"self":[{"href":"https:\/\/promowolsch.de\/fr\/wp-json\/wp\/v2\/product\/7971","targetHints":{"allow":["GET"]}}],"collection":[{"href":"https:\/\/promowolsch.de\/fr\/wp-json\/wp\/v2\/product"}],"about":[{"href":"https:\/\/promowolsch.de\/fr\/wp-json\/wp\/v2\/types\/product"}],"wp:featuredmedia":[{"embeddable":true,"href":"https:\/\/promowolsch.de\/fr\/wp-json\/wp\/v2\/media\/6989"}],"wp:attachment":[{"href":"https:\/\/promowolsch.de\/fr\/wp-json\/wp\/v2\/media?parent=7971"}],"wp:term":[{"taxonomy":"product_brand","embeddable":true,"href":"https:\/\/promowolsch.de\/fr\/wp-json\/wp\/v2\/product_brand?post=7971"},{"taxonomy":"product_cat","embeddable":true,"href":"https:\/\/promowolsch.de\/fr\/wp-json\/wp\/v2\/product_cat?post=7971"},{"taxonomy":"product_tag","embeddable":true,"href":"https:\/\/promowolsch.de\/fr\/wp-json\/wp\/v2\/product_tag?post=7971"}],"curies":[{"name":"wp","href":"https:\/\/api.w.org\/{rel}","templated":true}]}}