{"id":8160,"date":"2026-02-23T23:41:42","date_gmt":"2026-02-23T22:41:42","guid":{"rendered":"https:\/\/promowolsch.de\/?post_type=product&#038;p=8160"},"modified":"2026-02-23T23:44:02","modified_gmt":"2026-02-23T22:44:02","slug":"porte-cles-peintre-tache","status":"publish","type":"product","link":"https:\/\/promowolsch.de\/fr\/produkt\/schluesselanhaenger-maler-kleck\/","title":{"rendered":"Porte-cl\u00e9s Peintre Kleck"},"content":{"rendered":"<p>Porte-cl\u00e9s en forme de bac \u00e0 peinture avec deux anneaux pour les cl\u00e9s<\/p>","protected":false},"excerpt":{"rendered":"<p>Porte-cl\u00e9s en forme de bac \u00e0 peinture avec deux anneaux pour les cl\u00e9s<\/p>","protected":false},"featured_media":7094,"template":"","meta":{"_et_pb_use_builder":"","_et_pb_old_content":"","_et_gb_content_width":""},"product_brand":[],"product_cat":[20],"product_tag":[],"class_list":{"0":"post-8160","1":"product","2":"type-product","3":"status-publish","4":"has-post-thumbnail","6":"product_cat-home-living","8":"first","9":"instock","10":"shipping-taxable","11":"product-type-variable"},"_links":{"self":[{"href":"https:\/\/promowolsch.de\/fr\/wp-json\/wp\/v2\/product\/8160","targetHints":{"allow":["GET"]}}],"collection":[{"href":"https:\/\/promowolsch.de\/fr\/wp-json\/wp\/v2\/product"}],"about":[{"href":"https:\/\/promowolsch.de\/fr\/wp-json\/wp\/v2\/types\/product"}],"wp:featuredmedia":[{"embeddable":true,"href":"https:\/\/promowolsch.de\/fr\/wp-json\/wp\/v2\/media\/7094"}],"wp:attachment":[{"href":"https:\/\/promowolsch.de\/fr\/wp-json\/wp\/v2\/media?parent=8160"}],"wp:term":[{"taxonomy":"product_brand","embeddable":true,"href":"https:\/\/promowolsch.de\/fr\/wp-json\/wp\/v2\/product_brand?post=8160"},{"taxonomy":"product_cat","embeddable":true,"href":"https:\/\/promowolsch.de\/fr\/wp-json\/wp\/v2\/product_cat?post=8160"},{"taxonomy":"product_tag","embeddable":true,"href":"https:\/\/promowolsch.de\/fr\/wp-json\/wp\/v2\/product_tag?post=8160"}],"curies":[{"name":"wp","href":"https:\/\/api.w.org\/{rel}","templated":true}]}}