{"id":8212,"date":"2026-02-23T23:44:03","date_gmt":"2026-02-23T22:44:03","guid":{"rendered":"https:\/\/promowolsch.de\/produkt\/zettelbox-love-boxx\/"},"modified":"2026-02-23T23:44:06","modified_gmt":"2026-02-23T22:44:06","slug":"boite-a-fiches-love-boxx","status":"publish","type":"product","link":"https:\/\/promowolsch.de\/fr\/produkt\/zettelbox-love-boxx\/","title":{"rendered":"Bo\u00eete \u00e0 fiches Love Boxx"},"content":{"rendered":"<p>Bo\u00eete \u00e0 fiches avec papier, avec h\u00e9risson et porte-fiches en forme de c\u0153ur<\/p>","protected":false},"excerpt":{"rendered":"<p>Zettelbox inkl. Papier, mit Igel und Zettelhalter in Herzform<\/p>","protected":false},"featured_media":7097,"template":"","meta":{"_et_pb_use_builder":"","_et_pb_old_content":"","_et_gb_content_width":""},"product_brand":[],"product_cat":[18],"product_tag":[],"class_list":{"0":"post-8212","1":"product","2":"type-product","3":"status-publish","4":"has-post-thumbnail","6":"product_cat-work-office","8":"first","9":"instock","10":"shipping-taxable","11":"product-type-simple"},"_links":{"self":[{"href":"https:\/\/promowolsch.de\/fr\/wp-json\/wp\/v2\/product\/8212","targetHints":{"allow":["GET"]}}],"collection":[{"href":"https:\/\/promowolsch.de\/fr\/wp-json\/wp\/v2\/product"}],"about":[{"href":"https:\/\/promowolsch.de\/fr\/wp-json\/wp\/v2\/types\/product"}],"wp:featuredmedia":[{"embeddable":true,"href":"https:\/\/promowolsch.de\/fr\/wp-json\/wp\/v2\/media\/7097"}],"wp:attachment":[{"href":"https:\/\/promowolsch.de\/fr\/wp-json\/wp\/v2\/media?parent=8212"}],"wp:term":[{"taxonomy":"product_brand","embeddable":true,"href":"https:\/\/promowolsch.de\/fr\/wp-json\/wp\/v2\/product_brand?post=8212"},{"taxonomy":"product_cat","embeddable":true,"href":"https:\/\/promowolsch.de\/fr\/wp-json\/wp\/v2\/product_cat?post=8212"},{"taxonomy":"product_tag","embeddable":true,"href":"https:\/\/promowolsch.de\/fr\/wp-json\/wp\/v2\/product_tag?post=8212"}],"curies":[{"name":"wp","href":"https:\/\/api.w.org\/{rel}","templated":true}]}}