{"id":8239,"date":"2026-02-23T23:45:07","date_gmt":"2026-02-23T22:45:07","guid":{"rendered":"https:\/\/promowolsch.de\/?post_type=product&#038;p=8239"},"modified":"2026-02-23T23:46:40","modified_gmt":"2026-02-23T22:46:40","slug":"derouleur-de-ruban-adhesif-coeur","status":"publish","type":"product","link":"https:\/\/promowolsch.de\/fr\/produkt\/klebeband-abroller-herz\/","title":{"rendered":"D\u00e9rouleur de ruban adh\u00e9sif c\u0153ur"},"content":{"rendered":"<p>D\u00e9rouleur de ruban adh\u00e9sif en forme de c\u0153ur, ruban adh\u00e9sif inclus <\/p>","protected":false},"excerpt":{"rendered":"<p>D\u00e9rouleur de ruban adh\u00e9sif en forme de c\u0153ur, ruban adh\u00e9sif inclus<\/p>","protected":false},"featured_media":8275,"template":"","meta":{"_et_pb_use_builder":"","_et_pb_old_content":"","_et_gb_content_width":""},"product_brand":[],"product_cat":[18],"product_tag":[],"class_list":{"0":"post-8239","1":"product","2":"type-product","3":"status-publish","4":"has-post-thumbnail","6":"product_cat-work-office","8":"first","9":"instock","10":"shipping-taxable","11":"product-type-variable"},"_links":{"self":[{"href":"https:\/\/promowolsch.de\/fr\/wp-json\/wp\/v2\/product\/8239","targetHints":{"allow":["GET"]}}],"collection":[{"href":"https:\/\/promowolsch.de\/fr\/wp-json\/wp\/v2\/product"}],"about":[{"href":"https:\/\/promowolsch.de\/fr\/wp-json\/wp\/v2\/types\/product"}],"wp:featuredmedia":[{"embeddable":true,"href":"https:\/\/promowolsch.de\/fr\/wp-json\/wp\/v2\/media\/8275"}],"wp:attachment":[{"href":"https:\/\/promowolsch.de\/fr\/wp-json\/wp\/v2\/media?parent=8239"}],"wp:term":[{"taxonomy":"product_brand","embeddable":true,"href":"https:\/\/promowolsch.de\/fr\/wp-json\/wp\/v2\/product_brand?post=8239"},{"taxonomy":"product_cat","embeddable":true,"href":"https:\/\/promowolsch.de\/fr\/wp-json\/wp\/v2\/product_cat?post=8239"},{"taxonomy":"product_tag","embeddable":true,"href":"https:\/\/promowolsch.de\/fr\/wp-json\/wp\/v2\/product_tag?post=8239"}],"curies":[{"name":"wp","href":"https:\/\/api.w.org\/{rel}","templated":true}]}}