{"id":8384,"date":"2026-02-23T23:49:56","date_gmt":"2026-02-23T22:49:56","guid":{"rendered":"https:\/\/promowolsch.de\/?post_type=product&#038;p=8384"},"modified":"2026-02-23T23:51:28","modified_gmt":"2026-02-23T22:51:28","slug":"rouleau-de-ruban-adhesif-camion","status":"publish","type":"product","link":"https:\/\/promowolsch.de\/fr\/produkt\/klebebandroller-lkw\/","title":{"rendered":"Rouleau adh\u00e9sif camion"},"content":{"rendered":"<p>Rouleau de ruban adh\u00e9sif en forme de camion, ruban adh\u00e9sif inclus <\/p>","protected":false},"excerpt":{"rendered":"<p>Rouleau de ruban adh\u00e9sif en forme de camion, ruban adh\u00e9sif inclus<\/p>","protected":false},"featured_media":7281,"template":"","meta":{"_et_pb_use_builder":"","_et_pb_old_content":"","_et_gb_content_width":""},"product_brand":[],"product_cat":[18],"product_tag":[],"class_list":{"0":"post-8384","1":"product","2":"type-product","3":"status-publish","4":"has-post-thumbnail","6":"product_cat-work-office","8":"first","9":"instock","10":"shipping-taxable","11":"product-type-variable"},"_links":{"self":[{"href":"https:\/\/promowolsch.de\/fr\/wp-json\/wp\/v2\/product\/8384","targetHints":{"allow":["GET"]}}],"collection":[{"href":"https:\/\/promowolsch.de\/fr\/wp-json\/wp\/v2\/product"}],"about":[{"href":"https:\/\/promowolsch.de\/fr\/wp-json\/wp\/v2\/types\/product"}],"wp:featuredmedia":[{"embeddable":true,"href":"https:\/\/promowolsch.de\/fr\/wp-json\/wp\/v2\/media\/7281"}],"wp:attachment":[{"href":"https:\/\/promowolsch.de\/fr\/wp-json\/wp\/v2\/media?parent=8384"}],"wp:term":[{"taxonomy":"product_brand","embeddable":true,"href":"https:\/\/promowolsch.de\/fr\/wp-json\/wp\/v2\/product_brand?post=8384"},{"taxonomy":"product_cat","embeddable":true,"href":"https:\/\/promowolsch.de\/fr\/wp-json\/wp\/v2\/product_cat?post=8384"},{"taxonomy":"product_tag","embeddable":true,"href":"https:\/\/promowolsch.de\/fr\/wp-json\/wp\/v2\/product_tag?post=8384"}],"curies":[{"name":"wp","href":"https:\/\/api.w.org\/{rel}","templated":true}]}}