{"id":8436,"date":"2026-02-23T23:51:29","date_gmt":"2026-02-23T22:51:29","guid":{"rendered":"https:\/\/promowolsch.de\/?post_type=product&#038;p=8436"},"modified":"2026-02-23T23:53:28","modified_gmt":"2026-02-23T22:53:28","slug":"ouvre-bouteille-peter","status":"publish","type":"product","link":"https:\/\/promowolsch.de\/fr\/produkt\/flaschenoeffner-peter\/","title":{"rendered":"Ouvre-bouteille Peter"},"content":{"rendered":"<p>d\u00e9capsuleur, ouvre-bouteille \u00e0 vis et d\u00e9gonfleur \u00e0 vide en forme de bonhomme, chaussures \u00e0 commander en option<\/p>","protected":false},"excerpt":{"rendered":"<p>d\u00e9capsuleur, ouvre-bouteille \u00e0 vis et d\u00e9gonfleur \u00e0 vide en forme de bonhomme, chaussures \u00e0 commander en option<\/p>","protected":false},"featured_media":7325,"template":"","meta":{"_et_pb_use_builder":"","_et_pb_old_content":"","_et_gb_content_width":""},"product_brand":[],"product_cat":[20],"product_tag":[],"class_list":{"0":"post-8436","1":"product","2":"type-product","3":"status-publish","4":"has-post-thumbnail","6":"product_cat-home-living","8":"first","9":"instock","10":"shipping-taxable","11":"product-type-variable"},"_links":{"self":[{"href":"https:\/\/promowolsch.de\/fr\/wp-json\/wp\/v2\/product\/8436","targetHints":{"allow":["GET"]}}],"collection":[{"href":"https:\/\/promowolsch.de\/fr\/wp-json\/wp\/v2\/product"}],"about":[{"href":"https:\/\/promowolsch.de\/fr\/wp-json\/wp\/v2\/types\/product"}],"wp:featuredmedia":[{"embeddable":true,"href":"https:\/\/promowolsch.de\/fr\/wp-json\/wp\/v2\/media\/7325"}],"wp:attachment":[{"href":"https:\/\/promowolsch.de\/fr\/wp-json\/wp\/v2\/media?parent=8436"}],"wp:term":[{"taxonomy":"product_brand","embeddable":true,"href":"https:\/\/promowolsch.de\/fr\/wp-json\/wp\/v2\/product_brand?post=8436"},{"taxonomy":"product_cat","embeddable":true,"href":"https:\/\/promowolsch.de\/fr\/wp-json\/wp\/v2\/product_cat?post=8436"},{"taxonomy":"product_tag","embeddable":true,"href":"https:\/\/promowolsch.de\/fr\/wp-json\/wp\/v2\/product_tag?post=8436"}],"curies":[{"name":"wp","href":"https:\/\/api.w.org\/{rel}","templated":true}]}}