{"id":8443,"date":"2026-02-23T23:51:56","date_gmt":"2026-02-23T22:51:56","guid":{"rendered":"https:\/\/promowolsch.de\/?post_type=product&#038;p=8443"},"modified":"2026-02-23T23:53:51","modified_gmt":"2026-02-23T22:53:51","slug":"porte-cles-rastelli","status":"publish","type":"product","link":"https:\/\/promowolsch.de\/fr\/produkt\/schluesselanhaenger-rastelli\/","title":{"rendered":"Porte-cl\u00e9s Rastelli"},"content":{"rendered":"<p>Porte-cl\u00e9s avec d\u00e9capsuleur et puce \u00e0 l'embl\u00e8me de Smile<\/p>","protected":false},"excerpt":{"rendered":"<p>Porte-cl\u00e9s avec d\u00e9capsuleur et puce \u00e0 l'embl\u00e8me de Smile<\/p>","protected":false},"featured_media":7340,"template":"","meta":{"_et_pb_use_builder":"","_et_pb_old_content":"","_et_gb_content_width":""},"product_brand":[],"product_cat":[20],"product_tag":[],"class_list":{"0":"post-8443","1":"product","2":"type-product","3":"status-publish","4":"has-post-thumbnail","6":"product_cat-home-living","8":"first","9":"instock","10":"shipping-taxable","11":"product-type-variable"},"_links":{"self":[{"href":"https:\/\/promowolsch.de\/fr\/wp-json\/wp\/v2\/product\/8443","targetHints":{"allow":["GET"]}}],"collection":[{"href":"https:\/\/promowolsch.de\/fr\/wp-json\/wp\/v2\/product"}],"about":[{"href":"https:\/\/promowolsch.de\/fr\/wp-json\/wp\/v2\/types\/product"}],"wp:featuredmedia":[{"embeddable":true,"href":"https:\/\/promowolsch.de\/fr\/wp-json\/wp\/v2\/media\/7340"}],"wp:attachment":[{"href":"https:\/\/promowolsch.de\/fr\/wp-json\/wp\/v2\/media?parent=8443"}],"wp:term":[{"taxonomy":"product_brand","embeddable":true,"href":"https:\/\/promowolsch.de\/fr\/wp-json\/wp\/v2\/product_brand?post=8443"},{"taxonomy":"product_cat","embeddable":true,"href":"https:\/\/promowolsch.de\/fr\/wp-json\/wp\/v2\/product_cat?post=8443"},{"taxonomy":"product_tag","embeddable":true,"href":"https:\/\/promowolsch.de\/fr\/wp-json\/wp\/v2\/product_tag?post=8443"}],"curies":[{"name":"wp","href":"https:\/\/api.w.org\/{rel}","templated":true}]}}