{"id":8485,"date":"2026-02-23T23:53:29","date_gmt":"2026-02-23T22:53:29","guid":{"rendered":"https:\/\/promowolsch.de\/produkt\/zettelhalter-herold\/"},"modified":"2026-02-23T23:53:32","modified_gmt":"2026-02-23T22:53:32","slug":"porte-etiquette-herold","status":"publish","type":"product","link":"https:\/\/promowolsch.de\/fr\/produkt\/zettelhalter-herold\/","title":{"rendered":"Porte-\u00e9tiquette H\u00e9raut"},"content":{"rendered":"<p>Porte-\u00e9tiquette en forme de bonhomme, y compris stylo + papier<\/p>","protected":false},"excerpt":{"rendered":"<p>Porte-\u00e9tiquette en forme de bonhomme, y compris stylo + papier<\/p>","protected":false},"featured_media":7339,"template":"","meta":{"_et_pb_use_builder":"","_et_pb_old_content":"","_et_gb_content_width":""},"product_brand":[],"product_cat":[18],"product_tag":[],"class_list":{"0":"post-8485","1":"product","2":"type-product","3":"status-publish","4":"has-post-thumbnail","6":"product_cat-work-office","8":"first","9":"instock","10":"shipping-taxable","11":"product-type-simple"},"_links":{"self":[{"href":"https:\/\/promowolsch.de\/fr\/wp-json\/wp\/v2\/product\/8485","targetHints":{"allow":["GET"]}}],"collection":[{"href":"https:\/\/promowolsch.de\/fr\/wp-json\/wp\/v2\/product"}],"about":[{"href":"https:\/\/promowolsch.de\/fr\/wp-json\/wp\/v2\/types\/product"}],"wp:featuredmedia":[{"embeddable":true,"href":"https:\/\/promowolsch.de\/fr\/wp-json\/wp\/v2\/media\/7339"}],"wp:attachment":[{"href":"https:\/\/promowolsch.de\/fr\/wp-json\/wp\/v2\/media?parent=8485"}],"wp:term":[{"taxonomy":"product_brand","embeddable":true,"href":"https:\/\/promowolsch.de\/fr\/wp-json\/wp\/v2\/product_brand?post=8485"},{"taxonomy":"product_cat","embeddable":true,"href":"https:\/\/promowolsch.de\/fr\/wp-json\/wp\/v2\/product_cat?post=8485"},{"taxonomy":"product_tag","embeddable":true,"href":"https:\/\/promowolsch.de\/fr\/wp-json\/wp\/v2\/product_tag?post=8485"}],"curies":[{"name":"wp","href":"https:\/\/api.w.org\/{rel}","templated":true}]}}