{"id":8549,"date":"2026-02-23T23:56:13","date_gmt":"2026-02-23T22:56:13","guid":{"rendered":"https:\/\/promowolsch.de\/produkt\/schluesselanhaenger-shamrock\/"},"modified":"2026-02-23T23:56:15","modified_gmt":"2026-02-23T22:56:15","slug":"porte-cle-trefle","status":"publish","type":"product","link":"https:\/\/promowolsch.de\/fr\/produkt\/schluesselanhaenger-shamrock\/","title":{"rendered":"Porte-cl\u00e9s Shamrock"},"content":{"rendered":"<p>Porte-cl\u00e9s avec embl\u00e8me en forme de tr\u00e8fle, puce et porte-cl\u00e9s<\/p>","protected":false},"excerpt":{"rendered":"<p>Porte-cl\u00e9s avec embl\u00e8me en forme de tr\u00e8fle, puce et porte-cl\u00e9s<\/p>","protected":false},"featured_media":7387,"template":"","meta":{"_et_pb_use_builder":"","_et_pb_old_content":"","_et_gb_content_width":""},"product_brand":[],"product_cat":[20],"product_tag":[],"class_list":{"0":"post-8549","1":"product","2":"type-product","3":"status-publish","4":"has-post-thumbnail","6":"product_cat-home-living","8":"first","9":"instock","10":"shipping-taxable","11":"product-type-simple"},"_links":{"self":[{"href":"https:\/\/promowolsch.de\/fr\/wp-json\/wp\/v2\/product\/8549","targetHints":{"allow":["GET"]}}],"collection":[{"href":"https:\/\/promowolsch.de\/fr\/wp-json\/wp\/v2\/product"}],"about":[{"href":"https:\/\/promowolsch.de\/fr\/wp-json\/wp\/v2\/types\/product"}],"wp:featuredmedia":[{"embeddable":true,"href":"https:\/\/promowolsch.de\/fr\/wp-json\/wp\/v2\/media\/7387"}],"wp:attachment":[{"href":"https:\/\/promowolsch.de\/fr\/wp-json\/wp\/v2\/media?parent=8549"}],"wp:term":[{"taxonomy":"product_brand","embeddable":true,"href":"https:\/\/promowolsch.de\/fr\/wp-json\/wp\/v2\/product_brand?post=8549"},{"taxonomy":"product_cat","embeddable":true,"href":"https:\/\/promowolsch.de\/fr\/wp-json\/wp\/v2\/product_cat?post=8549"},{"taxonomy":"product_tag","embeddable":true,"href":"https:\/\/promowolsch.de\/fr\/wp-json\/wp\/v2\/product_tag?post=8549"}],"curies":[{"name":"wp","href":"https:\/\/api.w.org\/{rel}","templated":true}]}}