{"id":8588,"date":"2026-02-23T23:57:28","date_gmt":"2026-02-23T22:57:28","guid":{"rendered":"https:\/\/promowolsch.de\/?post_type=product&#038;p=8588"},"modified":"2026-02-23T23:59:01","modified_gmt":"2026-02-23T22:59:01","slug":"ouvre-bouteille-peter-avec-chaussures-blanches","status":"publish","type":"product","link":"https:\/\/promowolsch.de\/fr\/produkt\/flaschenoeffner-peter-mit-weissen-schuhen\/","title":{"rendered":"Ouvre-bouteille Peter avec chaussures blanches"},"content":{"rendered":"<p>D\u00e9capsuleur, ouvre-bouteille \u00e0 vis et d\u00e9gonfleur \u00e0 vide en forme de bonhomme, confectionn\u00e9 avec des chaussures blanches<\/p>","protected":false},"excerpt":{"rendered":"<p>D\u00e9capsuleur, ouvre-bouteille \u00e0 vis et d\u00e9gonfleur \u00e0 vide en forme de bonhomme, confectionn\u00e9 avec des chaussures blanches<\/p>","protected":false},"featured_media":8619,"template":"","meta":{"_et_pb_use_builder":"","_et_pb_old_content":"","_et_gb_content_width":""},"product_brand":[],"product_cat":[20],"product_tag":[],"class_list":{"0":"post-8588","1":"product","2":"type-product","3":"status-publish","4":"has-post-thumbnail","6":"product_cat-home-living","8":"first","9":"instock","10":"shipping-taxable","11":"product-type-variable"},"_links":{"self":[{"href":"https:\/\/promowolsch.de\/fr\/wp-json\/wp\/v2\/product\/8588","targetHints":{"allow":["GET"]}}],"collection":[{"href":"https:\/\/promowolsch.de\/fr\/wp-json\/wp\/v2\/product"}],"about":[{"href":"https:\/\/promowolsch.de\/fr\/wp-json\/wp\/v2\/types\/product"}],"wp:featuredmedia":[{"embeddable":true,"href":"https:\/\/promowolsch.de\/fr\/wp-json\/wp\/v2\/media\/8619"}],"wp:attachment":[{"href":"https:\/\/promowolsch.de\/fr\/wp-json\/wp\/v2\/media?parent=8588"}],"wp:term":[{"taxonomy":"product_brand","embeddable":true,"href":"https:\/\/promowolsch.de\/fr\/wp-json\/wp\/v2\/product_brand?post=8588"},{"taxonomy":"product_cat","embeddable":true,"href":"https:\/\/promowolsch.de\/fr\/wp-json\/wp\/v2\/product_cat?post=8588"},{"taxonomy":"product_tag","embeddable":true,"href":"https:\/\/promowolsch.de\/fr\/wp-json\/wp\/v2\/product_tag?post=8588"}],"curies":[{"name":"wp","href":"https:\/\/api.w.org\/{rel}","templated":true}]}}