{"id":8662,"date":"2026-02-23T23:59:23","date_gmt":"2026-02-23T22:59:23","guid":{"rendered":"https:\/\/promowolsch.de\/?post_type=product&#038;p=8662"},"modified":"2026-02-24T00:00:54","modified_gmt":"2026-02-23T23:00:54","slug":"saupoudreur-depices-eggberti","status":"publish","type":"product","link":"https:\/\/promowolsch.de\/fr\/produkt\/gewuerzstreuer-eggberti\/","title":{"rendered":"Saupoudreuse \u00e0 \u00e9pices Eggberti"},"content":{"rendered":"<p>Saupoudreuse \u00e0 \u00e9pices avec petits pieds en forme d'oeuf<\/p>","protected":false},"excerpt":{"rendered":"<p>Saupoudreuse \u00e0 \u00e9pices avec petits pieds en forme d'oeuf<\/p>","protected":false},"featured_media":7525,"template":"","meta":{"_et_pb_use_builder":"","_et_pb_old_content":"","_et_gb_content_width":""},"product_brand":[],"product_cat":[20],"product_tag":[],"class_list":{"0":"post-8662","1":"product","2":"type-product","3":"status-publish","4":"has-post-thumbnail","6":"product_cat-home-living","8":"first","9":"instock","10":"shipping-taxable","11":"product-type-variable"},"_links":{"self":[{"href":"https:\/\/promowolsch.de\/fr\/wp-json\/wp\/v2\/product\/8662","targetHints":{"allow":["GET"]}}],"collection":[{"href":"https:\/\/promowolsch.de\/fr\/wp-json\/wp\/v2\/product"}],"about":[{"href":"https:\/\/promowolsch.de\/fr\/wp-json\/wp\/v2\/types\/product"}],"wp:featuredmedia":[{"embeddable":true,"href":"https:\/\/promowolsch.de\/fr\/wp-json\/wp\/v2\/media\/7525"}],"wp:attachment":[{"href":"https:\/\/promowolsch.de\/fr\/wp-json\/wp\/v2\/media?parent=8662"}],"wp:term":[{"taxonomy":"product_brand","embeddable":true,"href":"https:\/\/promowolsch.de\/fr\/wp-json\/wp\/v2\/product_brand?post=8662"},{"taxonomy":"product_cat","embeddable":true,"href":"https:\/\/promowolsch.de\/fr\/wp-json\/wp\/v2\/product_cat?post=8662"},{"taxonomy":"product_tag","embeddable":true,"href":"https:\/\/promowolsch.de\/fr\/wp-json\/wp\/v2\/product_tag?post=8662"}],"curies":[{"name":"wp","href":"https:\/\/api.w.org\/{rel}","templated":true}]}}