{"id":8686,"date":"2026-02-24T00:00:32","date_gmt":"2026-02-23T23:00:32","guid":{"rendered":"https:\/\/promowolsch.de\/?post_type=product&#038;p=8686"},"modified":"2026-02-24T00:01:43","modified_gmt":"2026-02-23T23:01:43","slug":"chausse-pied-bouton-dalarme-incendie-testhornet","status":"publish","type":"product","link":"https:\/\/promowolsch.de\/fr\/produkt\/schuhanzieher-feuermelderknopf-testhornet\/","title":{"rendered":"Chausse-pied + bouton d'alarme incendie Testhornet"},"content":{"rendered":"<p>Tester le d\u00e9tecteur de fum\u00e9e chaque semaine \u00e0 l'aide du bouton d'alarme incendie peut sauver des vies humaines!Convient \u00e0 un grand nombre de d\u00e9tecteurs de fum\u00e9e courants. <\/p>","protected":false},"excerpt":{"rendered":"<p>Tester le d\u00e9tecteur de fum\u00e9e chaque semaine \u00e0 l'aide du bouton d'alarme incendie peut sauver des vies humaines!Convient \u00e0 un grand nombre de d\u00e9tecteurs de fum\u00e9e courants.<\/p>","protected":false},"featured_media":7549,"template":"","meta":{"_et_pb_use_builder":"","_et_pb_old_content":"","_et_gb_content_width":""},"product_brand":[],"product_cat":[20],"product_tag":[],"class_list":{"0":"post-8686","1":"product","2":"type-product","3":"status-publish","4":"has-post-thumbnail","6":"product_cat-home-living","8":"first","9":"instock","10":"shipping-taxable","11":"product-type-variable"},"_links":{"self":[{"href":"https:\/\/promowolsch.de\/fr\/wp-json\/wp\/v2\/product\/8686","targetHints":{"allow":["GET"]}}],"collection":[{"href":"https:\/\/promowolsch.de\/fr\/wp-json\/wp\/v2\/product"}],"about":[{"href":"https:\/\/promowolsch.de\/fr\/wp-json\/wp\/v2\/types\/product"}],"wp:featuredmedia":[{"embeddable":true,"href":"https:\/\/promowolsch.de\/fr\/wp-json\/wp\/v2\/media\/7549"}],"wp:attachment":[{"href":"https:\/\/promowolsch.de\/fr\/wp-json\/wp\/v2\/media?parent=8686"}],"wp:term":[{"taxonomy":"product_brand","embeddable":true,"href":"https:\/\/promowolsch.de\/fr\/wp-json\/wp\/v2\/product_brand?post=8686"},{"taxonomy":"product_cat","embeddable":true,"href":"https:\/\/promowolsch.de\/fr\/wp-json\/wp\/v2\/product_cat?post=8686"},{"taxonomy":"product_tag","embeddable":true,"href":"https:\/\/promowolsch.de\/fr\/wp-json\/wp\/v2\/product_tag?post=8686"}],"curies":[{"name":"wp","href":"https:\/\/api.w.org\/{rel}","templated":true}]}}