{"id":8698,"date":"2026-02-24T00:00:54","date_gmt":"2026-02-23T23:00:54","guid":{"rendered":"https:\/\/promowolsch.de\/?post_type=product&#038;p=8698"},"modified":"2026-02-24T00:01:43","modified_gmt":"2026-02-23T23:01:43","slug":"porte-cles-zoom","status":"publish","type":"product","link":"https:\/\/promowolsch.de\/fr\/produkt\/schluesselanhaenger-zoom\/","title":{"rendered":"Porte-cl\u00e9s Zoom"},"content":{"rendered":"<p>Porte-cl\u00e9s avec jeton de caddie, loupe et porte-cl\u00e9s<\/p>","protected":false},"excerpt":{"rendered":"<p>Porte-cl\u00e9s avec jeton de caddie, loupe et porte-cl\u00e9s<\/p>","protected":false},"featured_media":7565,"template":"","meta":{"_et_pb_use_builder":"","_et_pb_old_content":"","_et_gb_content_width":""},"product_brand":[],"product_cat":[20],"product_tag":[],"class_list":{"0":"post-8698","1":"product","2":"type-product","3":"status-publish","4":"has-post-thumbnail","6":"product_cat-home-living","8":"first","9":"instock","10":"shipping-taxable","11":"product-type-variable"},"_links":{"self":[{"href":"https:\/\/promowolsch.de\/fr\/wp-json\/wp\/v2\/product\/8698","targetHints":{"allow":["GET"]}}],"collection":[{"href":"https:\/\/promowolsch.de\/fr\/wp-json\/wp\/v2\/product"}],"about":[{"href":"https:\/\/promowolsch.de\/fr\/wp-json\/wp\/v2\/types\/product"}],"wp:featuredmedia":[{"embeddable":true,"href":"https:\/\/promowolsch.de\/fr\/wp-json\/wp\/v2\/media\/7565"}],"wp:attachment":[{"href":"https:\/\/promowolsch.de\/fr\/wp-json\/wp\/v2\/media?parent=8698"}],"wp:term":[{"taxonomy":"product_brand","embeddable":true,"href":"https:\/\/promowolsch.de\/fr\/wp-json\/wp\/v2\/product_brand?post=8698"},{"taxonomy":"product_cat","embeddable":true,"href":"https:\/\/promowolsch.de\/fr\/wp-json\/wp\/v2\/product_cat?post=8698"},{"taxonomy":"product_tag","embeddable":true,"href":"https:\/\/promowolsch.de\/fr\/wp-json\/wp\/v2\/product_tag?post=8698"}],"curies":[{"name":"wp","href":"https:\/\/api.w.org\/{rel}","templated":true}]}}