{"id":3929,"date":"2023-12-20T16:04:03","date_gmt":"2023-12-20T15:04:03","guid":{"rendered":"https:\/\/promowolsch.de\/reseau-de-concessionnaires\/"},"modified":"2024-01-24T09:44:29","modified_gmt":"2024-01-24T08:44:29","slug":"reseau-de-concessionnaires","status":"publish","type":"page","link":"https:\/\/promowolsch.de\/nl\/reseau-de-concessionnaires\/","title":{"rendered":"R\u00e9seau de concessionnaires"},"content":{"rendered":"<p>[et_pb_section fb_built=&#8220;1&#8243; fullwidth=&#8220;on&#8220; _builder_version=&#8220;4.16&#8243; _module_preset=&#8220;default&#8220; background_enable_image=&#8220;off&#8220; global_colors_info=&#8220;{}&#8220;][et_pb_fullwidth_header title=&#8220;R\u00e9seau de concessionnaires&#8220; header_fullscreen=&#8220;on&#8220; button_one_text=&#8220;vers les associations&#8220; button_one_url=&#8220;#uebersicht&#8220; background_overlay_color=&#8220;rgba(0,0,0,0.3)&#8220; _builder_version=&#8220;4.23.1&#8243; _module_preset=&#8220;default&#8220; title_font=&#8220;Open Sans|700||on|||||&#8220; title_text_color=&#8220;#FFFFFF&#8220; title_font_size=&#8220;80px&#8220; content_font=&#8220;||||||||&#8220; content_text_color=&#8220;#FFFFFF&#8220; content_font_size=&#8220;20px&#8220; subhead_font=&#8220;Open Sans||||||||&#8220; subhead_text_color=&#8220;#FFFFFF&#8220; subhead_font_size=&#8220;28px&#8220; background_enable_color=&#8220;off&#8220; background_image=&#8220;https:\/\/promowolsch.de\/wp-content\/uploads\/hg_verbaende.jpg&#8220; custom_button_one=&#8220;on&#8220; button_one_text_size=&#8220;24px&#8220; button_one_text_color=&#8220;#ffffff&#8220; button_one_bg_color=&#8220;#a3a3a3&#8243; button_one_border_width=&#8220;0px&#8220; button_one_border_radius=&#8220;0px&#8220; button_one_letter_spacing=&#8220;0px&#8220; button_one_font=&#8220;Open Sans Condensed|700|||||||&#8220; custom_button_two=&#8220;on&#8220; button_two_text_size=&#8220;19px&#8220; button_two_text_color=&#8220;#ffffff&#8220; button_two_bg_color=&#8220;#a3a3a3&#8243; button_two_border_width=&#8220;0px&#8220; button_two_border_radius=&#8220;0px&#8220; button_two_font=&#8220;Open Sans Condensed|700|||||||&#8220; background_layout=&#8220;light&#8220; min_height=&#8220;800px&#8220; custom_padding=&#8220;||25px||false|false&#8220; link_option_url_new_window=&#8220;on&#8220; hover_enabled=&#8220;0&#8243; title_font_size_tablet=&#8220;60px&#8220; title_font_size_phone=&#8220;35px&#8220; title_font_size_last_edited=&#8220;on|tablet&#8220; content_font_size_tablet=&#8220;20px&#8220; content_font_size_phone=&#8220;14px&#8220; content_font_size_last_edited=&#8220;on|phone&#8220; global_colors_info=&#8220;{}&#8220; button_one_bg_color__hover_enabled=&#8220;on|hover&#8220; button_one_bg_color__hover=&#8220;#e9ba29&#8243; button_one_bg_enable_color__hover=&#8220;on&#8220; button_two_bg_color__hover_enabled=&#8220;on|hover&#8220; button_two_bg_color__hover=&#8220;#e9ba29&#8243; button_two_bg_enable_color__hover=&#8220;on&#8220; content_line_height=&#8220;1.8em&#8220; sticky_enabled=&#8220;0&#8243;]<\/p>\n<p>Vous cherchez une entreprise d&#8217;articles publicitaires pr\u00e8s de chez vous ?<\/p>\n<p>Nous nous ferons un plaisir de vous aider dans votre recherche et de vous indiquer un partenaire appropri\u00e9 dans votre r\u00e9gion !<\/p>\n<p>Demandez-nous &#8211; si vous souhaitez chercher vous-m\u00eame, vous trouverez souvent des partenaires appropri\u00e9s.<br \/>dans des associations sectorielles.<\/p>\n<p>[\/et_pb_fullwidth_header][\/et_pb_section][et_pb_section fb_built=&#8220;1&#8243; module_id=&#8220;uebersicht&#8220; _builder_version=&#8220;4.16&#8243; _module_preset=&#8220;default&#8220; global_colors_info=&#8220;{}&#8220;][et_pb_row _builder_version=&#8220;4.16&#8243; _module_preset=&#8220;default&#8220; global_colors_info=&#8220;{}&#8220;][et_pb_column type=&#8220;4_4&#8243; _builder_version=&#8220;4.16&#8243; _module_preset=&#8220;default&#8220; global_colors_info=&#8220;{}&#8220;][et_pb_text _builder_version=&#8220;4.16&#8243; _module_preset=&#8220;default&#8220; text_font_size=&#8220;19px&#8220; text_line_height=&#8220;1.9em&#8220; global_colors_info=&#8220;{}&#8220;]<\/p>\n<p>&nbsp;<\/p>\n<p>Ci-dessous une liste des principaux pays et associations<\/p>\n<p>&nbsp;<\/p>\n<p>[\/et_pb_text][et_pb_text admin_label=&#8220;TABELLE&#8220; _builder_version=&#8220;4.23.1&#8243; _module_preset=&#8220;default&#8220; text_font=&#8220;|300|||||||&#8220; text_font_size=&#8220;19px&#8220; text_letter_spacing=&#8220;1px&#8220; text_line_height=&#8220;1.9em&#8220; link_text_color=&#8220;#0ca5d3&#8243; text_font_size_tablet=&#8220;19px&#8220; text_font_size_phone=&#8220;15px&#8220; text_font_size_last_edited=&#8220;on|phone&#8220; global_colors_info=&#8220;{}&#8220;]<\/p>\n<table class=\"text\">\n<tbody>\n<tr>\n<td>Australie<\/td>\n<td><a href=\"http:\/\/www.appa.com.au\/\" target=\"_blank\" rel=\"noopener noreferrer\">www.appa.com.au<\/a><\/td>\n<\/tr>\n<tr>\n<td>Belgique<\/td>\n<td><a href=\"http:\/\/www.bapp.be\/\" target=\"_blank\" rel=\"noopener noreferrer\">www.bapp.be<\/a><\/td>\n<\/tr>\n<tr>\n<td>Allemagne<\/td>\n<td><a href=\"http:\/\/www.gww.de\/\" target=\"_blank\" rel=\"noopener noreferrer\">www.gww.de<\/a><\/td>\n<\/tr>\n<tr>\n<td>France<\/td>\n<td><a href=\"http:\/\/www.2fpco.com\/\" target=\"_blank\" rel=\"noopener noreferrer\">www.2fpco.com<\/a><\/td>\n<\/tr>\n<tr>\n<td>Italie<\/td>\n<td><a href=\"http:\/\/www.assoprom.it\/\" target=\"_blank\" rel=\"noopener noreferrer\">www.assoprom.it<\/a><\/td>\n<\/tr>\n<tr>\n<td>Nouvelle-Z\u00e9lande<\/td>\n<td><a href=\"http:\/\/www.appa.com.au\/\" target=\"_blank\" rel=\"noopener noreferrer\">www.appa.com.au<\/a><\/td>\n<\/tr>\n<tr>\n<td>Hollande<\/td>\n<td><a href=\"http:\/\/www.ppp-online.nl\/\" target=\"_blank\" rel=\"noopener noreferrer\">www.ppp-online.nl<\/a><\/td>\n<\/tr>\n<tr>\n<td>Norv\u00e8ge<\/td>\n<td><a href=\"http:\/\/www.reklameprodukter.com\/\" target=\"_blank\" rel=\"noopener noreferrer\">www.reklameprodukter.com<\/a><\/td>\n<\/tr>\n<tr>\n<td>Oc\u00e9anie<\/td>\n<td><a href=\"http:\/\/www.appa.com.au\/\" target=\"_blank\" rel=\"noopener noreferrer\">www.appa.com.au<\/a><\/td>\n<\/tr>\n<tr>\n<td>Autriche<\/td>\n<td><a href=\"http:\/\/www.werbemittelhaendler.at\/\" target=\"_blank\" rel=\"noopener noreferrer\">www.werbemittelhaendler.at<\/a><\/td>\n<\/tr>\n<tr>\n<td>Pologne<\/td>\n<td><a href=\"http:\/\/www.pir.pl\/\" target=\"_blank\" rel=\"noopener noreferrer\">www.pir.pl<\/a><\/td>\n<\/tr>\n<tr>\n<td>Russie<\/td>\n<td><a href=\"http:\/\/www.ipsa-russia.ru\/\" target=\"_blank\" rel=\"noopener noreferrer\">www.ipsa-russia.ru<\/a><\/td>\n<\/tr>\n<tr>\n<td>Su\u00e8de<\/td>\n<td><a href=\"http:\/\/www.sbpr.se\/\" target=\"_blank\" rel=\"noopener noreferrer\">www.sbpr.se<\/a><\/td>\n<\/tr>\n<tr>\n<td>Suisse<\/td>\n<td><a href=\"http:\/\/www.promoswiss.ch\/\" target=\"_blank\" rel=\"noopener noreferrer\">www.promoswiss.ch<\/a><\/td>\n<\/tr>\n<tr>\n<td>Espagne<\/td>\n<td><a href=\"http:\/\/www.fyvar.es\/\" target=\"_blank\" rel=\"noopener noreferrer\">www.fyvar.es<\/a><\/td>\n<\/tr>\n<tr>\n<td>Grande-Bretagne<\/td>\n<td><a href=\"https:\/\/www.bpma.co.uk\/\" target=\"_blank\" rel=\"noopener noreferrer\">www.bpma.co.uk<\/a><\/td>\n<\/tr>\n<tr>\n<td>USA<\/td>\n<td><a href=\"http:\/\/www.ppai.org\/\" target=\"_blank\" rel=\"noopener noreferrer\">www.ppai.org<\/a><\/td>\n<\/tr>\n<\/tbody>\n<\/table>\n<p>[\/et_pb_text][\/et_pb_column][\/et_pb_row][\/et_pb_section]<\/p>\n","protected":false},"excerpt":{"rendered":"<p>Vous cherchez une entreprise d&#8217;articles publicitaires pr\u00e8s de chez vous ? Nous nous ferons un plaisir de vous aider dans votre recherche et de vous indiquer un partenaire appropri\u00e9 dans votre r\u00e9gion ! Demandez-nous &#8211; si vous souhaitez chercher vous-m\u00eame, vous trouverez souvent des partenaires appropri\u00e9s.dans des associations sectorielles.&nbsp; Ci-dessous une liste des principaux pays [&hellip;]<\/p>\n","protected":false},"author":1,"featured_media":0,"parent":0,"menu_order":0,"comment_status":"closed","ping_status":"closed","template":"","meta":{"_et_pb_use_builder":"on","_et_pb_old_content":"","_et_gb_content_width":"","footnotes":""},"dipi_cpt_category":[],"class_list":["post-3929","page","type-page","status-publish","hentry"],"_links":{"self":[{"href":"https:\/\/promowolsch.de\/nl\/wp-json\/wp\/v2\/pages\/3929","targetHints":{"allow":["GET"]}}],"collection":[{"href":"https:\/\/promowolsch.de\/nl\/wp-json\/wp\/v2\/pages"}],"about":[{"href":"https:\/\/promowolsch.de\/nl\/wp-json\/wp\/v2\/types\/page"}],"author":[{"embeddable":true,"href":"https:\/\/promowolsch.de\/nl\/wp-json\/wp\/v2\/users\/1"}],"replies":[{"embeddable":true,"href":"https:\/\/promowolsch.de\/nl\/wp-json\/wp\/v2\/comments?post=3929"}],"version-history":[{"count":2,"href":"https:\/\/promowolsch.de\/nl\/wp-json\/wp\/v2\/pages\/3929\/revisions"}],"predecessor-version":[{"id":3933,"href":"https:\/\/promowolsch.de\/nl\/wp-json\/wp\/v2\/pages\/3929\/revisions\/3933"}],"wp:attachment":[{"href":"https:\/\/promowolsch.de\/nl\/wp-json\/wp\/v2\/media?parent=3929"}],"wp:term":[{"taxonomy":"dipi_cpt_category","embeddable":true,"href":"https:\/\/promowolsch.de\/nl\/wp-json\/wp\/v2\/dipi_cpt_category?post=3929"}],"curies":[{"name":"wp","href":"https:\/\/api.w.org\/{rel}","templated":true}]}}