{"id":3946,"date":"2023-12-20T14:10:47","date_gmt":"2023-12-20T13:10:47","guid":{"rendered":"https:\/\/promowolsch.de\/mentions-legales\/"},"modified":"2024-01-24T10:05:06","modified_gmt":"2024-01-24T09:05:06","slug":"mentions-legales-2","status":"publish","type":"page","link":"https:\/\/promowolsch.de\/nl\/mentions-legales-2\/","title":{"rendered":"Wettelijke vermeldingen"},"content":{"rendered":"<p>[et_pb_section fb_built=&#8220;1&#8243; fullwidth=&#8220;on&#8220; _builder_version=&#8220;4.16&#8243; _module_preset=&#8220;default&#8220; background_enable_image=&#8220;off&#8220; global_colors_info=&#8220;{}&#8220; theme_builder_area=&#8220;post_content&#8220;][et_pb_fullwidth_slider _builder_version=&#8220;4.16&#8243; _module_preset=&#8220;default&#8220; custom_button=&#8220;on&#8220; button_text_size=&#8220;18px&#8220; button_text_color=&#8220;#FFFFFF&#8220; button_bg_color=&#8220;#a3a3a3&#8243; button_border_width=&#8220;0px&#8220; button_font=&#8220;Open Sans Condensed|700|||||||&#8220; button_icon_color=&#8220;#FFFFFF&#8220; global_colors_info=&#8220;{}&#8220; button_bg_color__hover_enabled=&#8220;on|hover&#8220; button_bg_color__hover=&#8220;#e9ba29&#8243; button_bg_enable_color__hover=&#8220;on&#8220; theme_builder_area=&#8220;post_content&#8220;][et_pb_slide heading=&#8220;Mentions l\u00e9gales&#8220; button_text=&#8220;en savoir plus&#8220; button_link=&#8220;#start&#8220; use_bg_overlay=&#8220;on&#8220; bg_overlay_color=&#8220;rgba(0,0,0,0.28)&#8220; _builder_version=&#8220;4.16&#8243; _module_preset=&#8220;default&#8220; header_font=&#8220;Open Sans|600||on|||||&#8220; header_text_color=&#8220;#FFFFFF&#8220; header_font_size=&#8220;54px&#8220; body_font=&#8220;Open Sans|300|||||||&#8220; body_text_color=&#8220;#FFFFFF&#8220; body_font_size=&#8220;24px&#8220; background_color=&#8220;#69bce8&#8243; background_enable_color=&#8220;on&#8220; background_enable_image=&#8220;off&#8220; header_font_size_tablet=&#8220;48px&#8220; header_font_size_phone=&#8220;36px&#8220; header_font_size_last_edited=&#8220;on|phone&#8220; global_colors_info=&#8220;{}&#8220; sticky_transition=&#8220;on&#8220; theme_builder_area=&#8220;post_content&#8220;][\/et_pb_slide][\/et_pb_fullwidth_slider][\/et_pb_section][et_pb_section fb_built=&#8220;1&#8243; fullwidth=&#8220;on&#8220; admin_label=&#8220;TRENNER Condedi&#8220; module_id=&#8220;produkte&#8220; _builder_version=&#8220;4.16&#8243; _module_preset=&#8220;default&#8220; global_colors_info=&#8220;{}&#8220; theme_builder_area=&#8220;post_content&#8220;][et_pb_fullwidth_image src=&#8220;https:\/\/promowolsch.de\/wp-content\/uploads\/trenner_rechts-2000-1.png&#8220; title_text=&#8220;trenner_rechts-2000&#8243; admin_label=&#8220;Trenner rechts&#8220; _builder_version=&#8220;4.16&#8243; _module_preset=&#8220;default&#8220; max_height=&#8220;100px&#8220; global_colors_info=&#8220;{}&#8220; theme_builder_area=&#8220;post_content&#8220;][\/et_pb_fullwidth_image][\/et_pb_section][et_pb_section fb_built=&#8220;1&#8243; module_id=&#8220;start&#8220; _builder_version=&#8220;4.16&#8243; _module_preset=&#8220;default&#8220; global_colors_info=&#8220;{}&#8220; theme_builder_area=&#8220;post_content&#8220;][et_pb_row _builder_version=&#8220;4.16&#8243; _module_preset=&#8220;default&#8220; global_colors_info=&#8220;{}&#8220; theme_builder_area=&#8220;post_content&#8220;][et_pb_column type=&#8220;4_4&#8243; _builder_version=&#8220;4.16&#8243; _module_preset=&#8220;default&#8220; global_colors_info=&#8220;{}&#8220; theme_builder_area=&#8220;post_content&#8220;][et_pb_text _builder_version=&#8220;4.16&#8243; _module_preset=&#8220;default&#8220; global_colors_info=&#8220;{}&#8220; theme_builder_area=&#8220;post_content&#8220;]<\/p>\n<h3>Informations selon \u00a7 5 TMG<\/h3>\n<p>Promowolsch GmbH &amp; Co. KG<br \/>Gr\u00fcner Weg 25<br \/>59590 Geseke<\/p>\n<p>Registre du commerce: HRA 8113<br \/>Cour de registre: Amtsgericht Paderborn<br \/>Si\u00e8ge de la soci\u00e9t\u00e9 : Geseke<\/p>\n<p><strong>Associ\u00e9 responsable personnellement de la Promowolsch GmbH &amp; Co. KG:<\/strong><\/p>\n<p>Promowolsch Verwaltungsgesellschaft mbH<br \/>Gr\u00fcner Weg 25<br \/>59590 Geseke<\/p>\n<p>Directeur g\u00e9n\u00e9ral: Wolfgang Schmidt + Uwe-Karsten Brandt-Schmidt<\/p>\n<p>Registre du commerce: HRB 15389<br \/>Cour de registre: Amtsgericht Paderborn<br \/>Si\u00e8ge de la soci\u00e9t\u00e9 : Geseke<\/p>\n<p>VAT: DE347156349<\/p>\n<p><strong>Coordonn\u00e9es<\/strong><br \/>T\u00e9l\u00e9phone: +49 (0)2942-7996868<br \/>E-Mail: info@promowolsch.de<\/p>\n<p>Responsable du contenu du site: Uwe-Karsten Brand-Schmidt<\/p>\n<p>[\/et_pb_text][et_pb_text _builder_version=&#8220;4.16&#8243; _module_preset=&#8220;default&#8220; global_colors_info=&#8220;{}&#8220; theme_builder_area=&#8220;post_content&#8220;]<\/p>\n<h3> <\/h3>\n<h3>Clause de non-responsabilit\u00e9<\/h3>\n<p><strong>Pas de mise en demeure sans prise de contact pr\u00e9alable!<\/strong><\/p>\n<p>Si le contenu ou la pr\u00e9sentation de nos offres devaient porter atteinte aux droits de tiers, nous vous prions de bien vouloir nous en informer sans note de frais. L&#8217;\u00e9limination d&#8217;une \u00e9ventuelle violation de droits de propri\u00e9t\u00e9 par les d\u00e9tenteurs de droits de propri\u00e9t\u00e9 eux-m\u00eames ne doit pas avoir lieu sans notre accord. Nous garantissons que les passages contest\u00e9s \u00e0 juste titre seront imm\u00e9diatement supprim\u00e9s, sans qu&#8217;il soit n\u00e9cessaire de faire appel \u00e0 un conseiller juridique de votre part. N\u00e9anmoins, nous rejetterons dans leur int\u00e9gralit\u00e9 les frais que vous aurez engag\u00e9s sans nous avoir contact\u00e9s au pr\u00e9alable et, le cas \u00e9ch\u00e9ant, nous d\u00e9poserons une contre-plainte pour violation des dispositions susmentionn\u00e9es.<\/p>\n<p><b>Clause de non-responsabilit\u00e9<\/b><br \/><b>Responsabilit\u00e9 pour les liens<br \/><\/b>Notre offre contient des liens vers des sites web externes de tiers, sur le contenu desquels nous n&#8217;avons aucune influence. C&#8217;est pourquoi nous ne pouvons pas non plus nous porter garants de ces contenus \u00e9trangers. Le fournisseur ou l&#8217;exploitant des pages li\u00e9es est toujours responsable du contenu de ces pages. Les pages li\u00e9es ont \u00e9t\u00e9 v\u00e9rifi\u00e9es au moment de la cr\u00e9ation du lien afin de s&#8217;assurer qu&#8217;elles n&#8217;enfreignaient pas la loi. Aucun contenu ill\u00e9gal n&#8217;a \u00e9t\u00e9 identifi\u00e9 au moment de la cr\u00e9ation des liens. Un contr\u00f4le permanent du contenu des pages li\u00e9es n&#8217;est toutefois pas exigible sans indices concrets d&#8217;une violation de la loi. D\u00e8s que nous aurons connaissance de violations de la loi, nous supprimerons imm\u00e9diatement de tels liens.<\/p>\n<p><b>Responsabilit\u00e9 du contenu<br \/><\/b>Le contenu de nos pages a \u00e9t\u00e9 \u00e9labor\u00e9 avec le plus grand soin. Nous ne pouvons toutefois pas garantir l&#8217;exactitude, l&#8217;exhaustivit\u00e9 et l&#8217;actualit\u00e9 des contenus. En tant que prestataire de services, nous sommes responsables, conform\u00e9ment au \u00a7 7 alin\u00e9a 1 de la loi allemande sur les t\u00e9l\u00e9m\u00e9dias (TMG), de nos propres contenus sur ces pages selon les lois g\u00e9n\u00e9rales.  Conform\u00e9ment aux articles 8 \u00e0 10 de la loi allemande sur les m\u00e9dias \u00e9lectroniques (TMG), nous ne sommes toutefois pas tenus, en tant que prestataire de services, de surveiller les informations externes transmises ou enregistr\u00e9es ou de rechercher des circonstances indiquant une activit\u00e9 ill\u00e9gale. Les obligations de supprimer ou de bloquer l&#8217;utilisation d&#8217;informations conform\u00e9ment aux lois g\u00e9n\u00e9rales restent inchang\u00e9es. Une responsabilit\u00e9 \u00e0 cet \u00e9gard n&#8217;est toutefois possible qu&#8217;\u00e0 partir du moment o\u00f9 une violation concr\u00e8te de la loi est connue. D\u00e8s que nous aurons connaissance de telles violations, nous retirerons imm\u00e9diatement ces contenus.<\/p>\n<p><b>Droit d&#8217;auteur<br \/><\/b>Les contenus et \u0153uvres cr\u00e9\u00e9s par les exploitants de ces pages sont soumis au droit d&#8217;auteur allemand. La reproduction, le traitement, la diffusion et toute forme d&#8217;exploitation en dehors des limites du droit d&#8217;auteur requi\u00e8rent l&#8217;accord \u00e9crit de l&#8217;auteur ou du cr\u00e9ateur concern\u00e9. Les t\u00e9l\u00e9chargements et les copies de cette page ne sont autoris\u00e9s que pour un usage priv\u00e9 et non commercial. Dans la mesure o\u00f9 les contenus de ce site n&#8217;ont pas \u00e9t\u00e9 cr\u00e9\u00e9s par l&#8217;exploitant, les droits d&#8217;auteur de tiers sont respect\u00e9s. En particulier, les contenus de tiers sont identifi\u00e9s comme tels. Si vous deviez n\u00e9anmoins constater une violation des droits d&#8217;auteur, nous vous prions de nous en informer. D\u00e8s que nous aurons connaissance d&#8217;une violation de la loi, nous supprimerons imm\u00e9diatement de tels contenus.<\/p>\n<p>[\/et_pb_text][\/et_pb_column][\/et_pb_row][\/et_pb_section]<\/p>\n","protected":false},"excerpt":{"rendered":"<p>Informations selon \u00a7 5 TMG Promowolsch GmbH &amp; Co. KGGr\u00fcner Weg 2559590 Geseke Registre du commerce: HRA 8113Cour de registre: Amtsgericht PaderbornSi\u00e8ge de la soci\u00e9t\u00e9 : Geseke Associ\u00e9 responsable personnellement de la Promowolsch GmbH &amp; Co. KG: Promowolsch Verwaltungsgesellschaft mbHGr\u00fcner Weg 2559590 Geseke Directeur g\u00e9n\u00e9ral: Wolfgang Schmidt + Uwe-Karsten Brandt-Schmidt Registre du commerce: HRB 15389Cour [&hellip;]<\/p>\n","protected":false},"author":1,"featured_media":0,"parent":0,"menu_order":20,"comment_status":"closed","ping_status":"closed","template":"","meta":{"_et_pb_use_builder":"on","_et_pb_old_content":"","_et_gb_content_width":"","footnotes":""},"dipi_cpt_category":[],"class_list":["post-3946","page","type-page","status-publish","hentry"],"_links":{"self":[{"href":"https:\/\/promowolsch.de\/nl\/wp-json\/wp\/v2\/pages\/3946","targetHints":{"allow":["GET"]}}],"collection":[{"href":"https:\/\/promowolsch.de\/nl\/wp-json\/wp\/v2\/pages"}],"about":[{"href":"https:\/\/promowolsch.de\/nl\/wp-json\/wp\/v2\/types\/page"}],"author":[{"embeddable":true,"href":"https:\/\/promowolsch.de\/nl\/wp-json\/wp\/v2\/users\/1"}],"replies":[{"embeddable":true,"href":"https:\/\/promowolsch.de\/nl\/wp-json\/wp\/v2\/comments?post=3946"}],"version-history":[{"count":2,"href":"https:\/\/promowolsch.de\/nl\/wp-json\/wp\/v2\/pages\/3946\/revisions"}],"predecessor-version":[{"id":3950,"href":"https:\/\/promowolsch.de\/nl\/wp-json\/wp\/v2\/pages\/3946\/revisions\/3950"}],"wp:attachment":[{"href":"https:\/\/promowolsch.de\/nl\/wp-json\/wp\/v2\/media?parent=3946"}],"wp:term":[{"taxonomy":"dipi_cpt_category","embeddable":true,"href":"https:\/\/promowolsch.de\/nl\/wp-json\/wp\/v2\/dipi_cpt_category?post=3946"}],"curies":[{"name":"wp","href":"https:\/\/api.w.org\/{rel}","templated":true}]}}